{"id":1373,"date":"2018-02-12T14:01:59","date_gmt":"2018-02-12T13:01:59","guid":{"rendered":"http:\/\/ssv-holzhausen.de\/new\/?page_id=1373"},"modified":"2018-02-26T18:03:55","modified_gmt":"2018-02-26T17:03:55","slug":"training","status":"publish","type":"page","link":"https:\/\/ssv-holzhausen.de\/new\/training\/","title":{"rendered":"Training"},"content":{"rendered":"<p><img data-attachment-id=\"1768\" data-permalink=\"https:\/\/ssv-holzhausen.de\/new\/?attachment_id=1768\" data-orig-file=\"https:\/\/i1.wp.com\/ssv-holzhausen.de\/new\/wp-content\/uploads\/2018\/02\/BlogHG_Training-1.jpg?fit=1348%2C899&amp;ssl=1\" data-orig-size=\"1348,899\" data-comments-opened=\"1\" data-image-meta=\"{&quot;aperture&quot;:&quot;0&quot;,&quot;credit&quot;:&quot;&quot;,&quot;camera&quot;:&quot;&quot;,&quot;caption&quot;:&quot;&quot;,&quot;created_timestamp&quot;:&quot;0&quot;,&quot;copyright&quot;:&quot;&quot;,&quot;focal_length&quot;:&quot;0&quot;,&quot;iso&quot;:&quot;0&quot;,&quot;shutter_speed&quot;:&quot;0&quot;,&quot;title&quot;:&quot;&quot;,&quot;orientation&quot;:&quot;0&quot;}\" data-image-title=\"BlogHG_Training\" data-image-description=\"\" data-image-caption=\"\" data-medium-file=\"https:\/\/i1.wp.com\/ssv-holzhausen.de\/new\/wp-content\/uploads\/2018\/02\/BlogHG_Training-1.jpg?fit=300%2C200&amp;ssl=1\" data-large-file=\"https:\/\/i1.wp.com\/ssv-holzhausen.de\/new\/wp-content\/uploads\/2018\/02\/BlogHG_Training-1.jpg?fit=1024%2C683&amp;ssl=1\" loading=\"lazy\" class=\"alignleft wp-image-1768 size-medium\" src=\"https:\/\/i1.wp.com\/ssv-holzhausen.de\/new\/wp-content\/uploads\/2018\/02\/BlogHG_Training-1-300x200.jpg?resize=300%2C200\" alt=\"\" width=\"300\" height=\"200\" srcset=\"https:\/\/i1.wp.com\/ssv-holzhausen.de\/new\/wp-content\/uploads\/2018\/02\/BlogHG_Training-1.jpg?resize=300%2C200&amp;ssl=1 300w, https:\/\/i1.wp.com\/ssv-holzhausen.de\/new\/wp-content\/uploads\/2018\/02\/BlogHG_Training-1.jpg?resize=768%2C512&amp;ssl=1 768w, https:\/\/i1.wp.com\/ssv-holzhausen.de\/new\/wp-content\/uploads\/2018\/02\/BlogHG_Training-1.jpg?resize=1024%2C683&amp;ssl=1 1024w, https:\/\/i1.wp.com\/ssv-holzhausen.de\/new\/wp-content\/uploads\/2018\/02\/BlogHG_Training-1.jpg?w=1348&amp;ssl=1 1348w\" sizes=\"(max-width: 300px) 100vw, 300px\" data-recalc-dims=\"1\" \/>Wir bieten unseren\u00a0Mitgliedern Trainingsm\u00f6glichkeiten f\u00fcr (fast) s\u00e4mtliche Schie\u00dfdisziplinen der Dachverb\u00e4nde, denen\u00a0wir uns\u00a0angeschlossen haben. Daf\u00fcr\u00a0haben wir uns\u00a0in 6 Schie\u00dfst\u00e4tten\/-St\u00e4nden eingemietet.<\/p>\n<p>Das Trainingsangebot reicht vom klassischen Pr\u00e4zisionsschie\u00dfen bis hin zu dynamischen Mehrdistanzdisziplinen\u00a0und umfa\u00dft dabei sowohl Kurzwaffen wie auch Langwaffen incl. Flinten. N\u00e4heres auf der <a href=\"http:\/\/ssv-holzhausen.de\/new\/training\/schiessstaende\/\">\u00dcbersicht der Schiessst\u00e4nde<\/a>.<\/p>\n","protected":false},"excerpt":{"rendered":"<p>Wir bieten unseren\u00a0Mitgliedern Trainingsm\u00f6glichkeiten f\u00fcr (fast) s\u00e4mtliche Schie\u00dfdisziplinen der Dachverb\u00e4nde, denen\u00a0wir uns\u00a0angeschlossen haben. Daf\u00fcr\u00a0haben wir uns\u00a0in 6 Schie\u00dfst\u00e4tten\/-St\u00e4nden eingemietet. Das Trainingsangebot reicht vom klassischen Pr\u00e4zisionsschie\u00dfen bis hin zu dynamischen Mehrdistanzdisziplinen\u00a0und umfa\u00dft dabei sowohl Kurzwaffen wie auch Langwaffen incl. Flinten. N\u00e4heres auf der \u00dcbersicht der Schiessst\u00e4nde.<\/p>\n","protected":false},"author":1,"featured_media":0,"parent":0,"menu_order":0,"comment_status":"closed","ping_status":"closed","template":"","meta":{"spay_email":""},"jetpack_shortlink":"https:\/\/wp.me\/P9Hvti-m9","publishpress_future_action":{"enabled":false,"date":"1970-01-01 01:00:00","action":"","terms":[],"taxonomy":"","browser_timezone_offset":0},"_links":{"self":[{"href":"https:\/\/ssv-holzhausen.de\/new\/wp-json\/wp\/v2\/pages\/1373"}],"collection":[{"href":"https:\/\/ssv-holzhausen.de\/new\/wp-json\/wp\/v2\/pages"}],"about":[{"href":"https:\/\/ssv-holzhausen.de\/new\/wp-json\/wp\/v2\/types\/page"}],"author":[{"embeddable":true,"href":"https:\/\/ssv-holzhausen.de\/new\/wp-json\/wp\/v2\/users\/1"}],"replies":[{"embeddable":true,"href":"https:\/\/ssv-holzhausen.de\/new\/wp-json\/wp\/v2\/comments?post=1373"}],"version-history":[{"count":4,"href":"https:\/\/ssv-holzhausen.de\/new\/wp-json\/wp\/v2\/pages\/1373\/revisions"}],"predecessor-version":[{"id":1787,"href":"https:\/\/ssv-holzhausen.de\/new\/wp-json\/wp\/v2\/pages\/1373\/revisions\/1787"}],"wp:attachment":[{"href":"https:\/\/ssv-holzhausen.de\/new\/wp-json\/wp\/v2\/media?parent=1373"}],"curies":[{"name":"wp","href":"https:\/\/api.w.org\/{rel}","templated":true}]}}