{"id":1375,"date":"2018-02-12T14:02:28","date_gmt":"2018-02-12T13:02:28","guid":{"rendered":"http:\/\/ssv-holzhausen.de\/new\/?page_id=1375"},"modified":"2026-01-19T09:57:31","modified_gmt":"2026-01-19T08:57:31","slug":"termine","status":"publish","type":"page","link":"https:\/\/ssv-holzhausen.de\/new\/training\/termine\/","title":{"rendered":"Termine"},"content":{"rendered":"<p><strong>Besonderheit Trainingsablauf Dienstags BHH:<\/strong><\/p>\r\n<p>Auf Wunsch vieler Mitglieder wird regelm\u00e4\u00dfig <br \/>in BHH das BDS Mehrdistanz Programm geschossen. <br \/>Das Training findet immer am <strong>ersten BHH Termin in den geraden Monaten statt<\/strong>.<br \/><br \/>Das passende Disziplinblatt vom BDS:<br \/><strong><a href=\"https:\/\/ssv-holzhausen.de\/new\/wp-content\/uploads\/2025\/11\/bds_mehrdistanz_kurzwaffe.pdf\" target=\"_blank\" rel=\"noopener noreferrer\"><img data-attachment-id=\"1645\" data-permalink=\"https:\/\/ssv-holzhausen.de\/new\/?attachment_id=1645\" data-orig-file=\"https:\/\/i0.wp.com\/ssv-holzhausen.de\/new\/wp-content\/uploads\/2018\/02\/PDF_Download.png?fit=200%2C47&amp;ssl=1\" data-orig-size=\"200,47\" data-comments-opened=\"1\" data-image-meta=\"{&quot;aperture&quot;:&quot;0&quot;,&quot;credit&quot;:&quot;&quot;,&quot;camera&quot;:&quot;&quot;,&quot;caption&quot;:&quot;&quot;,&quot;created_timestamp&quot;:&quot;0&quot;,&quot;copyright&quot;:&quot;&quot;,&quot;focal_length&quot;:&quot;0&quot;,&quot;iso&quot;:&quot;0&quot;,&quot;shutter_speed&quot;:&quot;0&quot;,&quot;title&quot;:&quot;&quot;,&quot;orientation&quot;:&quot;0&quot;}\" data-image-title=\"PDF_Download\" data-image-description=\"\" data-image-caption=\"\" data-medium-file=\"https:\/\/i0.wp.com\/ssv-holzhausen.de\/new\/wp-content\/uploads\/2018\/02\/PDF_Download.png?fit=200%2C47&amp;ssl=1\" data-large-file=\"https:\/\/i0.wp.com\/ssv-holzhausen.de\/new\/wp-content\/uploads\/2018\/02\/PDF_Download.png?fit=200%2C47&amp;ssl=1\" loading=\"lazy\" class=\"alignnone wp-image-1645\" src=\"https:\/\/i0.wp.com\/ssv-holzhausen.de\/new\/wp-content\/uploads\/2018\/02\/PDF_Download.png?resize=120%2C28&#038;ssl=1\" alt=\"\" width=\"120\" height=\"28\" data-recalc-dims=\"1\" \/><\/a><\/strong><\/p>\r\n<p><br \/>Ab M\u00e4rz wird immer in den <strong>ungeraden Monaten am ersten BHH Termin<\/strong> <br \/>nur noch die Disziplin Speed geschossen. (KW, LW und Flinte)<br \/><br \/>Das passende Disziplinblatt vom BDS:<br \/><strong><a href=\"https:\/\/ssv-holzhausen.de\/new\/wp-content\/uploads\/2026\/01\/bds_speed_schiessen.pdf\" target=\"_blank\" rel=\"noopener noreferrer\"><img data-attachment-id=\"1645\" data-permalink=\"https:\/\/ssv-holzhausen.de\/new\/?attachment_id=1645\" data-orig-file=\"https:\/\/i0.wp.com\/ssv-holzhausen.de\/new\/wp-content\/uploads\/2018\/02\/PDF_Download.png?fit=200%2C47&amp;ssl=1\" data-orig-size=\"200,47\" data-comments-opened=\"1\" data-image-meta=\"{&quot;aperture&quot;:&quot;0&quot;,&quot;credit&quot;:&quot;&quot;,&quot;camera&quot;:&quot;&quot;,&quot;caption&quot;:&quot;&quot;,&quot;created_timestamp&quot;:&quot;0&quot;,&quot;copyright&quot;:&quot;&quot;,&quot;focal_length&quot;:&quot;0&quot;,&quot;iso&quot;:&quot;0&quot;,&quot;shutter_speed&quot;:&quot;0&quot;,&quot;title&quot;:&quot;&quot;,&quot;orientation&quot;:&quot;0&quot;}\" data-image-title=\"PDF_Download\" data-image-description=\"\" data-image-caption=\"\" data-medium-file=\"https:\/\/i0.wp.com\/ssv-holzhausen.de\/new\/wp-content\/uploads\/2018\/02\/PDF_Download.png?fit=200%2C47&amp;ssl=1\" data-large-file=\"https:\/\/i0.wp.com\/ssv-holzhausen.de\/new\/wp-content\/uploads\/2018\/02\/PDF_Download.png?fit=200%2C47&amp;ssl=1\" loading=\"lazy\" class=\"alignnone wp-image-1645\" src=\"https:\/\/i0.wp.com\/ssv-holzhausen.de\/new\/wp-content\/uploads\/2018\/02\/PDF_Download.png?resize=120%2C28&#038;ssl=1\" alt=\"\" width=\"120\" height=\"28\" data-recalc-dims=\"1\" \/><\/a><\/strong><\/p>\r\n<p>&nbsp;<\/p>\r\n<p><strong>Donnerstags H\u00fcllhorst:<\/strong><br \/>&#8222;Rentnerschie\u00dfen&#8220;<\/p>\r\n<p>Die Trainingseinheiten Montags\/H\u00fcllhorst dienen dem konkreten \u00dcben der klassischen 25m-Disziplinen-\/Programmen.<\/p>\r\n<p>Noch ein Hinweis: Erfahrungsgem\u00e4\u00df ist die erste Stunde der Trainingsabende besonders intensiv ausgelastet, daf\u00fcr sind dann in der letzten Stunde oft nur noch vereinzelt Sch\u00fctzen oder aber gar keine mehr auf dem Stand. Es m\u00f6ge sich deshalb jeder \u00fcberlegen, ob es f\u00fcr ihn (wenn zeitlich machbar) nicht evtl. besser w\u00e4re, z.B eine Stunde sp\u00e4ter zu erscheinen. Eine solche Entzerrung w\u00e4re sicher f\u00fcr alle positiv!<\/p>\r\n<p><strong>Termine 2025, 2. Halbjahr:<\/strong><a href=\"https:\/\/i1.wp.com\/ssv-holzhausen.de\/new\/wp-content\/uploads\/2025\/06\/Termine_2025_2-1.png?ssl=1\" target=\"_blank\" rel=\"noopener\"><img data-attachment-id=\"3268\" data-permalink=\"https:\/\/ssv-holzhausen.de\/new\/termine_2025_2-2\/\" data-orig-file=\"https:\/\/i1.wp.com\/ssv-holzhausen.de\/new\/wp-content\/uploads\/2025\/06\/Termine_2025_2-1.png?fit=1442%2C1033&amp;ssl=1\" data-orig-size=\"1442,1033\" data-comments-opened=\"1\" data-image-meta=\"{&quot;aperture&quot;:&quot;0&quot;,&quot;credit&quot;:&quot;&quot;,&quot;camera&quot;:&quot;&quot;,&quot;caption&quot;:&quot;&quot;,&quot;created_timestamp&quot;:&quot;0&quot;,&quot;copyright&quot;:&quot;&quot;,&quot;focal_length&quot;:&quot;0&quot;,&quot;iso&quot;:&quot;0&quot;,&quot;shutter_speed&quot;:&quot;0&quot;,&quot;title&quot;:&quot;&quot;,&quot;orientation&quot;:&quot;0&quot;}\" data-image-title=\"Termine_2025_2\" data-image-description=\"\" data-image-caption=\"\" data-medium-file=\"https:\/\/i1.wp.com\/ssv-holzhausen.de\/new\/wp-content\/uploads\/2025\/06\/Termine_2025_2-1.png?fit=300%2C215&amp;ssl=1\" data-large-file=\"https:\/\/i1.wp.com\/ssv-holzhausen.de\/new\/wp-content\/uploads\/2025\/06\/Termine_2025_2-1.png?fit=1024%2C734&amp;ssl=1\" loading=\"lazy\" class=\"aligncenter wp-image-3268 size-full\" src=\"https:\/\/i1.wp.com\/ssv-holzhausen.de\/new\/wp-content\/uploads\/2025\/06\/Termine_2025_2-1.png?resize=1140%2C817&#038;ssl=1\" alt=\"\" width=\"1140\" height=\"817\" srcset=\"https:\/\/i1.wp.com\/ssv-holzhausen.de\/new\/wp-content\/uploads\/2025\/06\/Termine_2025_2-1.png?w=1442&amp;ssl=1 1442w, https:\/\/i1.wp.com\/ssv-holzhausen.de\/new\/wp-content\/uploads\/2025\/06\/Termine_2025_2-1.png?resize=300%2C215&amp;ssl=1 300w, https:\/\/i1.wp.com\/ssv-holzhausen.de\/new\/wp-content\/uploads\/2025\/06\/Termine_2025_2-1.png?resize=1024%2C734&amp;ssl=1 1024w, https:\/\/i1.wp.com\/ssv-holzhausen.de\/new\/wp-content\/uploads\/2025\/06\/Termine_2025_2-1.png?resize=768%2C550&amp;ssl=1 768w, https:\/\/i1.wp.com\/ssv-holzhausen.de\/new\/wp-content\/uploads\/2025\/06\/Termine_2025_2-1.png?resize=400%2C287&amp;ssl=1 400w\" sizes=\"(max-width: 1140px) 100vw, 1140px\" data-recalc-dims=\"1\" \/><\/a><\/p>\r\n<p><strong>Termine 2026, 1. Halbjahr:<\/strong><\/p>\r\n\r\n<p><a href=\"https:\/\/i0.wp.com\/ssv-holzhausen.de\/new\/wp-content\/uploads\/2025\/11\/Termine_2026_1.png?ssl=1\" target=\"_blank\" rel=\"noopener\"><img data-attachment-id=\"3320\" data-permalink=\"https:\/\/ssv-holzhausen.de\/new\/termine_2026_1\/\" data-orig-file=\"https:\/\/i0.wp.com\/ssv-holzhausen.de\/new\/wp-content\/uploads\/2025\/11\/Termine_2026_1.png?fit=1440%2C1036&amp;ssl=1\" data-orig-size=\"1440,1036\" data-comments-opened=\"1\" data-image-meta=\"{&quot;aperture&quot;:&quot;0&quot;,&quot;credit&quot;:&quot;&quot;,&quot;camera&quot;:&quot;&quot;,&quot;caption&quot;:&quot;&quot;,&quot;created_timestamp&quot;:&quot;0&quot;,&quot;copyright&quot;:&quot;&quot;,&quot;focal_length&quot;:&quot;0&quot;,&quot;iso&quot;:&quot;0&quot;,&quot;shutter_speed&quot;:&quot;0&quot;,&quot;title&quot;:&quot;&quot;,&quot;orientation&quot;:&quot;0&quot;}\" data-image-title=\"Termine_2026_1\" data-image-description=\"\" data-image-caption=\"\" data-medium-file=\"https:\/\/i0.wp.com\/ssv-holzhausen.de\/new\/wp-content\/uploads\/2025\/11\/Termine_2026_1.png?fit=300%2C216&amp;ssl=1\" data-large-file=\"https:\/\/i0.wp.com\/ssv-holzhausen.de\/new\/wp-content\/uploads\/2025\/11\/Termine_2026_1.png?fit=1024%2C737&amp;ssl=1\" loading=\"lazy\" class=\"aligncenter wp-image-3320 size-full\" src=\"https:\/\/i0.wp.com\/ssv-holzhausen.de\/new\/wp-content\/uploads\/2025\/11\/Termine_2026_1.png?resize=1140%2C820&#038;ssl=1\" alt=\"\" width=\"1140\" height=\"820\" srcset=\"https:\/\/i0.wp.com\/ssv-holzhausen.de\/new\/wp-content\/uploads\/2025\/11\/Termine_2026_1.png?w=1440&amp;ssl=1 1440w, https:\/\/i0.wp.com\/ssv-holzhausen.de\/new\/wp-content\/uploads\/2025\/11\/Termine_2026_1.png?resize=300%2C216&amp;ssl=1 300w, https:\/\/i0.wp.com\/ssv-holzhausen.de\/new\/wp-content\/uploads\/2025\/11\/Termine_2026_1.png?resize=1024%2C737&amp;ssl=1 1024w, https:\/\/i0.wp.com\/ssv-holzhausen.de\/new\/wp-content\/uploads\/2025\/11\/Termine_2026_1.png?resize=768%2C553&amp;ssl=1 768w, https:\/\/i0.wp.com\/ssv-holzhausen.de\/new\/wp-content\/uploads\/2025\/11\/Termine_2026_1.png?resize=400%2C288&amp;ssl=1 400w\" sizes=\"(max-width: 1140px) 100vw, 1140px\" data-recalc-dims=\"1\" \/><\/a><\/p>\r\n","protected":false},"excerpt":{"rendered":"<p>Besonderheit Trainingsablauf Dienstags BHH: Auf Wunsch vieler Mitglieder wird regelm\u00e4\u00dfig in BHH das BDS Mehrdistanz Programm geschossen. Das Training findet immer am ersten BHH Termin in den geraden Monaten statt. Das passende Disziplinblatt vom BDS: Ab M\u00e4rz wird immer in den ungeraden Monaten am ersten BHH Termin nur noch die Disziplin Speed geschossen. (KW, LW [&hellip;]<\/p>\n","protected":false},"author":1,"featured_media":1498,"parent":1373,"menu_order":0,"comment_status":"closed","ping_status":"closed","template":"","meta":{"spay_email":""},"jetpack_shortlink":"https:\/\/wp.me\/P9Hvti-mb","publishpress_future_action":{"enabled":false,"date":"1970-01-01 01:00:00","action":"","terms":[],"taxonomy":"","browser_timezone_offset":0},"_links":{"self":[{"href":"https:\/\/ssv-holzhausen.de\/new\/wp-json\/wp\/v2\/pages\/1375"}],"collection":[{"href":"https:\/\/ssv-holzhausen.de\/new\/wp-json\/wp\/v2\/pages"}],"about":[{"href":"https:\/\/ssv-holzhausen.de\/new\/wp-json\/wp\/v2\/types\/page"}],"author":[{"embeddable":true,"href":"https:\/\/ssv-holzhausen.de\/new\/wp-json\/wp\/v2\/users\/1"}],"replies":[{"embeddable":true,"href":"https:\/\/ssv-holzhausen.de\/new\/wp-json\/wp\/v2\/comments?post=1375"}],"version-history":[{"count":78,"href":"https:\/\/ssv-holzhausen.de\/new\/wp-json\/wp\/v2\/pages\/1375\/revisions"}],"predecessor-version":[{"id":3339,"href":"https:\/\/ssv-holzhausen.de\/new\/wp-json\/wp\/v2\/pages\/1375\/revisions\/3339"}],"up":[{"embeddable":true,"href":"https:\/\/ssv-holzhausen.de\/new\/wp-json\/wp\/v2\/pages\/1373"}],"wp:featuredmedia":[{"embeddable":true,"href":"https:\/\/ssv-holzhausen.de\/new\/wp-json\/wp\/v2\/media\/1498"}],"wp:attachment":[{"href":"https:\/\/ssv-holzhausen.de\/new\/wp-json\/wp\/v2\/media?parent=1375"}],"curies":[{"name":"wp","href":"https:\/\/api.w.org\/{rel}","templated":true}]}}