{"id":1379,"date":"2018-02-12T14:03:34","date_gmt":"2018-02-12T13:03:34","guid":{"rendered":"http:\/\/ssv-holzhausen.de\/new\/?page_id=1379"},"modified":"2023-08-21T10:24:52","modified_gmt":"2023-08-21T08:24:52","slug":"schiessstaende","status":"publish","type":"page","link":"https:\/\/ssv-holzhausen.de\/new\/training\/schiessstaende\/","title":{"rendered":"Schie\u00dfst\u00e4nde"},"content":{"rendered":"<p><strong>Vorab einige wichtige Bemerkungen zum Trainingsablauf und zur Nutzung der Schie\u00dfst\u00e4nde.<\/strong><\/p>\n<p>Die Aspekte &#8222;Sicherheit&#8220; und &#8222;Rechtskonformit\u00e4t&#8220; genie\u00dfen im Interesse Aller absolute Priorit\u00e4t! Konkret bedeutet dies:<\/p>\n<p><strong>1. Kein Schie\u00dfen ohne Stand-Aufsicht!<br \/>\n<\/strong>Bei jeder Trainingseinheit ist zu Beginn ein Verantwortlicher zu benennen, der die Aufsicht f\u00fchrt. Diese Aufgabe kann jede Person \u00fcbernehmen, die \u00fcber eine waffenrechtliche Erlaubnis verf\u00fcgt (Sachkundepr\u00fcfung). Ein Wechsel kann aber jederzeit erfolgen. Die Person ist namentlich auf dem vorgesehenen Board (z.B. Tafel\/Kreide) zu vermerken.<br \/>\nDie Aufsichtsperson darf selbst nicht aktiv am Schie\u00dftraining teilnehmen und achtet im Hintergrund bes. auf sichere Waffenhandhabung und Einhaltung aller anderen Sicherheitsma\u00dfnahmen und bestimmt unwidersprochen &#8211; besonders z.B. den Status &#8222;Sicherheit herstellen&#8220;. Eine Diskussion der Entscheidungen der Aufsicht ist w\u00e4hrend des laufenden Schie\u00dfbetriebs nicht statthaft, Widerspruch\/Kritik erfolgen generell erst nach dem Training.<\/p>\n<p><strong>2. Kein Schie\u00dfen ohne Schutzbrille und Geh\u00f6rschutz!<br \/>\n<\/strong>Brillentr\u00e4ger haben hier insofern einen Vorteil, als die &#8222;normale&#8220; Sichthilfe (i.d.R.) bereits einen ausreichenden Schutz (bis auf spez. Ausnahmen) darstellt. Alle anderen haben eine geeignete Schutzbrille\/Sportbrille zu tragen.<br \/>\nSpezielle Anforderungen an den Geh\u00f6rschutz bestehen generell nicht. Allerdings sollte dieser (allein schon aus Selbstschutzgr\u00fcnden) m\u00f6glichst effektiv sein. Zu empfehlen ist hier auf jeden Fall ein Kapsel-Geh\u00f6rschutz &#8211; im Idealfall ein elektronischer (Impulsblocker) mit Wiedergabe der Umgebungsger\u00e4usche=Verst\u00e4ndigung. Sollte eigentlich kein Problem sein &#8211; auch solche Teile sind mittlerweile g\u00fcnstig zu erwerben.<\/p>\n<p><strong>3. Ordnung\/Sauberkeit!<br \/>\n<\/strong>Wir haben versch. Schie\u00dfst\u00e4nde angemietet, teils auch unterschiedliche Bedingungen zu erf\u00fcllen. Grunds\u00e4tzlich gilt: der Stand ist so zu verlassen, wie er zuvor angetroffen wurde. D.h. geschossene Scheiben abzuh\u00e4ngen, Fegen, Patroneh\u00fclsen zu entsorgen (in vorgesehene Beh\u00e4ltnisse) und alte Scheiben etc. ebenso.<\/p>\n<p><strong>4. Sonderregelungen!<br \/>\n<\/strong>Diese k\u00f6nnen je nach Schie\u00dfstand\/Betreiber nochmals variieren. Spez. und aktuell betrifft das den Schie\u00dfstand in Tegern:<br \/>\n&#8211; <strong>Restm\u00fcll wie leere Patronenschachteln\/Inlays und geschossene Scheiben d\u00fcrfen nicht als M\u00fcll hinterlassen werden &#8211; sondern sind nach Hause mitzunehmen!<\/strong><\/p>\n<p>&#8211; <strong>In Tengern ist kein Mehrdistanz &#8211; Training mehr erlaubt!<\/strong><\/p>\n<p>Wir haben mit 6 Betreibern von Schie\u00dfst\u00e4nden l\u00e4ngerfristige Vertr\u00e4ge abgeschlossen.<br \/>\nSomit ist allen Mitgliedern die M\u00f6glichkeit gesichert, diverse Sportdisziplinen in allen Kalibern zu trainieren.<\/p>\n<p><strong>Auf diesen St\u00e4nden trainieren wir:<br \/>\n<\/strong><div class=\"tmm tmm_schiessstaende\"><div class=\"tmm_2_columns tmm_wrap tmm_theme_f\"><span class=\"tmm_two_containers_tablet\"><\/span><div class=\"tmm_container\"><div class=\"tmm_member\" style=\"border-top:#ff3333 solid 5px;\"><div class=\"tmm_photo tmm_pic_schiessstaende_0\" style=\"background: url(https:\/\/ssv-holzhausen.de\/new\/wp-content\/uploads\/2020\/02\/IMG_3001-scaled.jpg); margin-left: auto; margin-right:auto; background-size:cover !important;\"><\/div><div class=\"tmm_textblock\"><div class=\"tmm_names\"><span class=\"tmm_fname\">Tontauben<\/span> <\/div><div class=\"tmm_job\">Wittloge<\/div><div class=\"tmm_desc\" style=\"text-align:\"><div class=\"dmb_field dmb_description_of_member\"><p><strong>Seit dem 01.01.2025 ist die Verwendung von Bleischrot unzul\u00e4ssig!<\/strong><\/p><p>Hinter der 100m Bahn (ganz bis hinten durchfahren)<\/p><p>Riekkamp 99<br \/>32479 Hille<br \/>(An der L 770 zwischen Espelkamp und Petershagen gelegen)<br \/>Tel.: 0571\/23542<\/p><p><a href=\"https:\/\/minden-luebbecke.ljv-nrw.de\/home\/wittloge\/\" target=\"_blank\" rel=\"noopener\">Webseite des Betreibers<\/a><\/p><\/div><p><strong>Selbstlader und Vorderschaftrepetierflinten (Pumpen) sind nicht erlaubt.<\/strong><\/p><\/div><div class=\"tmm_scblock\"><\/div><\/div><\/div><div class=\"tmm_member\" style=\"border-top:#ff3333 solid 5px;\"><div class=\"tmm_photo tmm_pic_schiessstaende_1\" style=\"background: url(http:\/\/ssv-holzhausen.de\/new\/wp-content\/uploads\/2018\/07\/IMG_1546.jpg); margin-left: auto; margin-right:auto; background-size:cover !important;\"><\/div><div class=\"tmm_textblock\"><div class=\"tmm_names\"><span class=\"tmm_fname\">Schie\u00dfanlage<\/span> <\/div><div class=\"tmm_job\">Tengern<\/div><div class=\"tmm_desc\" style=\"text-align:\"><p>Schulstrasse<br \/>32609 H\u00fcllhorst\/Tengern<\/p><p><strong>Zugelassen f\u00fcr:<\/strong><br \/>Kurzwaffen aller Kaliber,\u00a0 25m<br \/>Schwarzpulver<\/p><p>Vor Aufnahme des Trainings ist die Waffe ausschlie\u00dflich an der vorderen Ablage (Fireline) auszupacken, auf Sicherheit (ob Sicher\/ungeladen) zu \u00fcberpr\u00fcfen. Dies ist nach jeder Schie\u00dfsequenz Pflicht.<strong>\u00a0Restm\u00fcll wie leere Patronenschachteln\/Inlays und geschossene Scheiben d\u00fcrfen nicht als M\u00fcll hinterlassen werden \u2013 sondern sind nach Hause mitzunehmen!<\/strong><\/p><\/div><div class=\"tmm_scblock\"><\/div><\/div><\/div><span class=\"tmm_two_containers_tablet\"><\/span><\/div><span class=\"tmm_columns_containers_desktop\"><\/span><div class=\"tmm_container\"><div class=\"tmm_member\" style=\"border-top:#ff3333 solid 5px;\"><div class=\"tmm_photo tmm_pic_schiessstaende_2\" style=\"background: url(https:\/\/ssv-holzhausen.de\/new\/wp-content\/uploads\/2020\/02\/IMG_5781-scaled.jpg); margin-left: auto; margin-right:auto; background-size:cover !important;\"><\/div><div class=\"tmm_textblock\"><div class=\"tmm_names\"><span class=\"tmm_fname\">Schie\u00dfanlage<\/span> <\/div><div class=\"tmm_job\">Porta Westfalica - Eisbergen<\/div><div class=\"tmm_desc\" style=\"text-align:\"><p>Bruchhof 10<br \/>32457 Porta Westfalica<\/p><p><span style=\"color: #9c0606\"><strong>Es gibt WEITERE PARKM\u00d6GLICHKEITEN 100m weiter (Bruchhof 20).<\/strong><\/span><\/p><p><strong>Zugelassen f\u00fcr:<\/strong><br \/>Kurzwaffen, Kleinkaliber-Langwaffe u. KW Patrone bis 1500 Joule - <strong>25m<\/strong><br \/>Kurzwaffen, Kleinkaliber-Langwaffe u. KW Patrone bis 1500 Joule - <strong>50m<\/strong><\/p><p>Vor Aufnahme des Trainings ist die Waffe ausschlie\u00dflich an der vorderen Ablage (Fireline) auszupacken, auf Sicherheit (ob Sicher\/ungeladen) zu \u00fcberpr\u00fcfen. Dies ist nach jeder Schie\u00dfsequenz Pflicht.<\/p><\/div><div class=\"tmm_scblock\"><\/div><\/div><\/div><div class=\"tmm_member\" style=\"border-top:#ff3333 solid 5px;\"><div class=\"tmm_photo tmm_pic_schiessstaende_3\" style=\"background: url(https:\/\/ssv-holzhausen.de\/new\/wp-content\/uploads\/2020\/02\/d5c8de9b-dae7-4a58-8758-18e55b6ba25b.jpeg); margin-left: auto; margin-right:auto; background-size:cover !important;\"><\/div><div class=\"tmm_textblock\"><div class=\"tmm_names\"><span class=\"tmm_fname\">Schie\u00dfstand<\/span> <\/div><div class=\"tmm_job\">H\u00fcllhorst<\/div><div class=\"tmm_desc\" style=\"text-align:\"><p>Waldterasse<br \/>Lienenkamp 68<br \/>32609 H\u00fcllhorst<\/p><p><strong>Zugelassen f\u00fcr:<\/strong><br \/>Kurzwaffen alle Kaliber,\u00a0 25m bis 1500 Joule<\/p><\/div><div class=\"tmm_scblock\"><\/div><\/div><\/div><span class=\"tmm_two_containers_tablet\"><\/span><\/div><span class=\"tmm_columns_containers_desktop\"><\/span><div class=\"tmm_container\"><div class=\"tmm_member\" style=\"border-top:#ff3333 solid 5px;\"><div class=\"tmm_photo tmm_pic_schiessstaende_4\" style=\"background: url(http:\/\/ssv-holzhausen.de\/new\/wp-content\/uploads\/2019\/02\/wittloge.jpg); margin-left: auto; margin-right:auto; background-size:cover !important;\"><\/div><div class=\"tmm_textblock\"><div class=\"tmm_names\"><span class=\"tmm_fname\">Schie\u00dfanlage<\/span> <\/div><div class=\"tmm_job\">Wittloge<\/div><div class=\"tmm_desc\" style=\"text-align:\"><p>Distanzen: 200m &amp; 300m<\/p><p>Riekkamp 99<br \/>32479 Hille<br \/>(An der L 770 zwischen Espelkamp und Petershagen gelegen)<br \/>Tel.: 0571\/23542<\/p><p><a href=\"https:\/\/minden-luebbecke.ljv-nrw.de\/home\/wittloge\/\" target=\"_blank\" rel=\"noopener\">Webseite des Betreibers<\/a><\/p><\/div><div class=\"tmm_scblock\"><\/div><\/div><\/div><div class=\"tmm_member\" style=\"border-top:#ff3333 solid 5px;\"><div class=\"tmm_photo tmm_pic_schiessstaende_5\" style=\"background: url(http:\/\/ssv-holzhausen.de\/new\/wp-content\/uploads\/2019\/03\/IMG_5112.jpg); margin-left: auto; margin-right:auto; background-size:cover !important;\"><\/div><div class=\"tmm_textblock\"><div class=\"tmm_names\"><span class=\"tmm_fname\">Rifle<\/span> <span class=\"tmm_lname\">Ranch<\/span><\/div><div class=\"tmm_job\">Borgholzhausen<\/div><div class=\"tmm_desc\" style=\"text-align:\"><p>Nienkamp 14<br \/>33829 Borgholzhausen<\/p><p><strong>Zugelassen f\u00fcr:<\/strong><br \/>Kurz- und Langwaffen aller Kaliber und IPSC-Flinte<br \/><a class=\"external-link-new-window\" title=\"\u00d6ffnet externen Link in neuem Fenster\" href=\"http:\/\/www.rifleranch.de\/\" target=\"_blank\" rel=\"noopener\">Webseite des Betreibers<\/a><\/p><\/div><div class=\"tmm_scblock\"><\/div><\/div><\/div><div style=\"clear:both;\"><\/div><\/div><\/div><\/div><\/p>\n","protected":false},"excerpt":{"rendered":"<p>Vorab einige wichtige Bemerkungen zum Trainingsablauf und zur Nutzung der Schie\u00dfst\u00e4nde. Die Aspekte &#8222;Sicherheit&#8220; und &#8222;Rechtskonformit\u00e4t&#8220; genie\u00dfen im Interesse Aller absolute Priorit\u00e4t! Konkret bedeutet dies: 1. Kein Schie\u00dfen ohne Stand-Aufsicht! Bei jeder Trainingseinheit ist zu Beginn ein Verantwortlicher zu benennen, der die Aufsicht f\u00fchrt. Diese Aufgabe kann jede Person \u00fcbernehmen, die \u00fcber eine waffenrechtliche Erlaubnis [&hellip;]<\/p>\n","protected":false},"author":1,"featured_media":1499,"parent":1373,"menu_order":0,"comment_status":"closed","ping_status":"closed","template":"","meta":{"spay_email":""},"jetpack_shortlink":"https:\/\/wp.me\/P9Hvti-mf","publishpress_future_action":{"enabled":false,"date":"1970-01-01 01:00:00","action":"","terms":[],"taxonomy":"","browser_timezone_offset":0},"_links":{"self":[{"href":"https:\/\/ssv-holzhausen.de\/new\/wp-json\/wp\/v2\/pages\/1379"}],"collection":[{"href":"https:\/\/ssv-holzhausen.de\/new\/wp-json\/wp\/v2\/pages"}],"about":[{"href":"https:\/\/ssv-holzhausen.de\/new\/wp-json\/wp\/v2\/types\/page"}],"author":[{"embeddable":true,"href":"https:\/\/ssv-holzhausen.de\/new\/wp-json\/wp\/v2\/users\/1"}],"replies":[{"embeddable":true,"href":"https:\/\/ssv-holzhausen.de\/new\/wp-json\/wp\/v2\/comments?post=1379"}],"version-history":[{"count":19,"href":"https:\/\/ssv-holzhausen.de\/new\/wp-json\/wp\/v2\/pages\/1379\/revisions"}],"predecessor-version":[{"id":3020,"href":"https:\/\/ssv-holzhausen.de\/new\/wp-json\/wp\/v2\/pages\/1379\/revisions\/3020"}],"up":[{"embeddable":true,"href":"https:\/\/ssv-holzhausen.de\/new\/wp-json\/wp\/v2\/pages\/1373"}],"wp:featuredmedia":[{"embeddable":true,"href":"https:\/\/ssv-holzhausen.de\/new\/wp-json\/wp\/v2\/media\/1499"}],"wp:attachment":[{"href":"https:\/\/ssv-holzhausen.de\/new\/wp-json\/wp\/v2\/media?parent=1379"}],"curies":[{"name":"wp","href":"https:\/\/api.w.org\/{rel}","templated":true}]}}