{"id":1394,"date":"2018-02-12T14:07:49","date_gmt":"2018-02-12T13:07:49","guid":{"rendered":"http:\/\/ssv-holzhausen.de\/new\/?page_id=1394"},"modified":"2025-09-16T10:52:42","modified_gmt":"2025-09-16T08:52:42","slug":"unser-verein","status":"publish","type":"page","link":"https:\/\/ssv-holzhausen.de\/new\/unser-verein\/","title":{"rendered":"Unser Verein"},"content":{"rendered":"<p class=\"bodytext\"><img data-attachment-id=\"1627\" data-permalink=\"https:\/\/ssv-holzhausen.de\/new\/unser-verein\/ssv_logo-2\/\" data-orig-file=\"https:\/\/i1.wp.com\/ssv-holzhausen.de\/new\/wp-content\/uploads\/2018\/02\/SSV_Logo-1.png?fit=404%2C456&amp;ssl=1\" data-orig-size=\"404,456\" data-comments-opened=\"1\" data-image-meta=\"{&quot;aperture&quot;:&quot;0&quot;,&quot;credit&quot;:&quot;&quot;,&quot;camera&quot;:&quot;&quot;,&quot;caption&quot;:&quot;&quot;,&quot;created_timestamp&quot;:&quot;0&quot;,&quot;copyright&quot;:&quot;&quot;,&quot;focal_length&quot;:&quot;0&quot;,&quot;iso&quot;:&quot;0&quot;,&quot;shutter_speed&quot;:&quot;0&quot;,&quot;title&quot;:&quot;&quot;,&quot;orientation&quot;:&quot;0&quot;}\" data-image-title=\"SSV_Logo\" data-image-description=\"\" data-image-caption=\"\" data-medium-file=\"https:\/\/i1.wp.com\/ssv-holzhausen.de\/new\/wp-content\/uploads\/2018\/02\/SSV_Logo-1.png?fit=266%2C300&amp;ssl=1\" data-large-file=\"https:\/\/i1.wp.com\/ssv-holzhausen.de\/new\/wp-content\/uploads\/2018\/02\/SSV_Logo-1.png?fit=404%2C456&amp;ssl=1\" loading=\"lazy\" class=\"alignleft wp-image-1627 size-medium\" src=\"https:\/\/i2.wp.com\/ssv-holzhausen.de\/new\/wp-content\/uploads\/2018\/02\/SSV_Logo-1-266x300.png?resize=266%2C300\" alt=\"\" width=\"266\" height=\"300\" srcset=\"https:\/\/i1.wp.com\/ssv-holzhausen.de\/new\/wp-content\/uploads\/2018\/02\/SSV_Logo-1.png?resize=266%2C300&amp;ssl=1 266w, https:\/\/i1.wp.com\/ssv-holzhausen.de\/new\/wp-content\/uploads\/2018\/02\/SSV_Logo-1.png?w=404&amp;ssl=1 404w\" sizes=\"(max-width: 266px) 100vw, 266px\" data-recalc-dims=\"1\" \/>Der &#8222;Sportsch\u00fctzenverein Holzhausen&#8220; ist ein im Vereinsregister L\u00fcbbecke eingetragener Verein, der sich vornehmlich dem Gro\u00dfkaliberschie\u00dfen verschrieben hat. Wir haben mittlerweile \u00fcber 400 Mitglieder und geh\u00f6ren damit zu den gr\u00f6\u00dften Vereinen der jeweiligen Dachverb\u00e4nde in NRW. Da wir uns in verschiedene Schie\u00dfanlagen eingemietet haben, k\u00f6nnen wir unseren Mitgliedern j\u00e4hrlich ca. 200 <a href=\"http:\/\/ssv-holzhausen.de\/new\/training\/termine\/\">Trainings<\/a>&#8211; und <a href=\"http:\/\/ssv-holzhausen.de\/new\/matches\/ausschreibungen\/\">Matchtermine<\/a> anbieten.<\/p>\n<p><strong>Vereinsgeschichte:<\/strong><br \/>\nIm Januar 1998 trafen wir uns in Holzhausen\/Pr. Oldendorf mit neun Leuten &#8211; allesamt seit langen Jahren begeisterte Sportsch\u00fctzen &#8211; und gr\u00fcndeten den Verein IPSC-Sch\u00fctzen Holzhausen e.V. Da das IPSC-Schie\u00dfen im Laufe der Zeit in den Hintergrund trat und deshalb das IPSC-K\u00fcrzel im Vereinsnamen nicht mehr von besonderer Bedeutung ist, haben wir uns Anfang 2007 in SSV HOLZHAUSEN umbenannt.<\/p>\n<p>Nicht zuletzt das derzeitige Waffengesetz bedingt praktisch die Mitgliedschaft in einem Schie\u00dfsportverein und vor allem die Mitgliedschaft (dieses Vereins) in einem \u00fcberregional anerkannten Dachverband. Denn nur unter dieser Voraussetzung ist es einem Sportsch\u00fctzen m\u00f6glich, sich eigenes Sportger\u00e4t &#8211; sprich erlaubnispflichtige Waffen &#8211; zuzulegen, also nach der Terminologie des WaffG zu besitzen und wettbewerbsm\u00e4\u00dfig damit zu schie\u00dfen.<\/p>\n<p>Die beiden gr\u00f6\u00dften Dachverb\u00e4nde Deutschland sind der Deutscher Sch\u00fctzenbund DSB sowie der Bund deutscher Sportsch\u00fctzen &#8211; BDS . Da viele unserer Gr\u00fcndungsmitglieder \u00fcber das normale Pr\u00e4zisionsschie\u00dfen hinaus auch ein Faible f\u00fcr das sogenannte Schie\u00dfen dynamischer Disziplinen hatten, kam f\u00fcr uns damals nur der BDS als Dachverband in Frage.<\/p>\n<p>Unser Verein entwickelte sich rasant und steht heute nach 20 Jahren gesund dar, soda\u00df wir allen Mitgliedern zu einem moderaten Mitgliedsbeitrag eine Menge bieten k\u00f6nnen.<\/p>\n","protected":false},"excerpt":{"rendered":"<p>Der &#8222;Sportsch\u00fctzenverein Holzhausen&#8220; ist ein im Vereinsregister L\u00fcbbecke eingetragener Verein, der sich vornehmlich dem Gro\u00dfkaliberschie\u00dfen verschrieben hat. Wir haben mittlerweile \u00fcber 400 Mitglieder und geh\u00f6ren damit zu den gr\u00f6\u00dften Vereinen der jeweiligen Dachverb\u00e4nde in NRW. Da wir uns in verschiedene Schie\u00dfanlagen eingemietet haben, k\u00f6nnen wir unseren Mitgliedern j\u00e4hrlich ca. 200 Trainings&#8211; und Matchtermine anbieten. Vereinsgeschichte: [&hellip;]<\/p>\n","protected":false},"author":1,"featured_media":0,"parent":0,"menu_order":0,"comment_status":"closed","ping_status":"closed","template":"","meta":{"spay_email":""},"jetpack_shortlink":"https:\/\/wp.me\/P9Hvti-mu","publishpress_future_action":{"enabled":false,"date":"1970-01-01 01:00:00","action":"","terms":[],"taxonomy":"","browser_timezone_offset":0},"_links":{"self":[{"href":"https:\/\/ssv-holzhausen.de\/new\/wp-json\/wp\/v2\/pages\/1394"}],"collection":[{"href":"https:\/\/ssv-holzhausen.de\/new\/wp-json\/wp\/v2\/pages"}],"about":[{"href":"https:\/\/ssv-holzhausen.de\/new\/wp-json\/wp\/v2\/types\/page"}],"author":[{"embeddable":true,"href":"https:\/\/ssv-holzhausen.de\/new\/wp-json\/wp\/v2\/users\/1"}],"replies":[{"embeddable":true,"href":"https:\/\/ssv-holzhausen.de\/new\/wp-json\/wp\/v2\/comments?post=1394"}],"version-history":[{"count":8,"href":"https:\/\/ssv-holzhausen.de\/new\/wp-json\/wp\/v2\/pages\/1394\/revisions"}],"predecessor-version":[{"id":3287,"href":"https:\/\/ssv-holzhausen.de\/new\/wp-json\/wp\/v2\/pages\/1394\/revisions\/3287"}],"wp:attachment":[{"href":"https:\/\/ssv-holzhausen.de\/new\/wp-json\/wp\/v2\/media?parent=1394"}],"curies":[{"name":"wp","href":"https:\/\/api.w.org\/{rel}","templated":true}]}}