{"id":1396,"date":"2018-02-12T14:08:17","date_gmt":"2018-02-12T13:08:17","guid":{"rendered":"http:\/\/ssv-holzhausen.de\/new\/?page_id=1396"},"modified":"2021-06-24T09:07:09","modified_gmt":"2021-06-24T07:07:09","slug":"orga-vorstand","status":"publish","type":"page","link":"https:\/\/ssv-holzhausen.de\/new\/unser-verein\/orga-vorstand\/","title":{"rendered":"Orga Vorstand"},"content":{"rendered":"<h4><strong>Der SSV Holzhausen<\/strong><\/h4>\n<p>&#8230;ist ein ordentlich im Vereinsregister (Sitz L\u00fcbbecke) eingetragener Verein. Intentionen\/Ziele etc. sind in der Satzung festgeschrieben.<br \/>\nDem Vereinsrecht folgend wird 1x j\u00e4hrlich (regelm\u00e4\u00dfig Anfang des Kalenderjahres) eine Vollversammlung durchgef\u00fchrt.<br \/>\nDer gew\u00e4hlte Vorstand tagt 1x viertelj\u00e4hrlich und entscheidet hierbei \u00fcber Angelegenheiten der Mitgliedschaft, die Ausgestaltung der Aktivit\u00e4ten des Vereins und finanzielle Angelegenheiten bzw. bringt diese Punkte zur Abstimmung auf der Vollversammlung ein. Der Vorstand beruft diese Vollversammlung ein und erstellt daf\u00fcr die Tagesordnung.<\/p>\n<h5 style=\"text-align: center;\">Unser Vereinsvorstand<\/h5>\n<div class=\"tmm tmm_vorstand\"><div class=\"tmm_3_columns tmm_wrap tmm_theme_f\"><span class=\"tmm_two_containers_tablet\"><\/span><div class=\"tmm_container\"><div class=\"tmm_member\" style=\"border-top:#ff3333 solid 5px;\"><div class=\"tmm_photo tmm_pic_vorstand_0\" style=\"background: url(http:\/\/ssv-holzhausen.de\/new\/wp-content\/uploads\/2018\/02\/CM-2.jpg); margin-left: auto; margin-right:auto; background-size:cover !important;\"><\/div><div class=\"tmm_textblock\"><div class=\"tmm_names\"><span class=\"tmm_fname\">Claudia<\/span> <span class=\"tmm_lname\">Meyer<\/span><\/div><div class=\"tmm_job\">1. Vorsitzende<\/div><div class=\"tmm_desc\" style=\"text-align:\"><p>Wilhelm-Busche-Str. 9<br>32361 Pr. Oldendorf<br>05742\/1714<br>01732717447<br><a href=\"mailto:claudia@ssv-holzhausen.de\">claudia@ssv-holzhausen.de<\/a><\/p><\/div><div class=\"tmm_scblock\"><\/div><\/div><\/div><div class=\"tmm_member\" style=\"border-top:#ff3333 solid 5px;\"><div class=\"tmm_photo tmm_pic_vorstand_1\" style=\"background: url(http:\/\/ssv-holzhausen.de\/new\/wp-content\/uploads\/2018\/02\/SH-1.jpg); margin-left: auto; margin-right:auto; background-size:cover !important;\"><\/div><div class=\"tmm_textblock\"><div class=\"tmm_names\"><span class=\"tmm_fname\">Stefan<\/span> <span class=\"tmm_lname\">Holstein<\/span><\/div><div class=\"tmm_job\">2. Vorsitzender<\/div><div class=\"tmm_desc\" style=\"text-align:\"><p>Berliner Str. 92<br>32361 Pr. Oldendorf<br>05742\/5019871<br>01726520847<br><a href=\"mailto:stefan@ssv-holzhausen.de\">stefan@ssv-holzhausen.de<\/a><\/p><\/div><div class=\"tmm_scblock\"><\/div><\/div><\/div><span class=\"tmm_two_containers_tablet\"><\/span><div class=\"tmm_member\" style=\"border-top:#ff3333 solid 5px;\"><div class=\"tmm_photo tmm_pic_vorstand_2\" style=\"background: url(https:\/\/ssv-holzhausen.de\/new\/wp-content\/uploads\/2020\/02\/11b5e5d2-11e7-46e8-a0d0-bd010d80d945.jpg); margin-left: auto; margin-right:auto; background-size:cover !important;\"><\/div><div class=\"tmm_textblock\"><div class=\"tmm_names\"><span class=\"tmm_fname\">Anna<\/span> <span class=\"tmm_lname\">Pascariello<\/span><\/div><div class=\"tmm_job\">Kassiererin<\/div><div class=\"tmm_desc\" style=\"text-align:\"><p><br><a href=\"mailto:anna@ssv-holzhausen.de\">anna@ssv-holzhausen.de<\/a><\/p><p>01514 \/ 20 131 24<\/p><p>Bitte bevorzugt alle Anliegen schriftlich mitteilen.<\/p><\/div><div class=\"tmm_scblock\"><\/div><\/div><\/div><\/div><span class=\"tmm_columns_containers_desktop\"><\/span><div class=\"tmm_container\"><div class=\"tmm_member\" style=\"border-top:#ff3333 solid 5px;\"><div class=\"tmm_photo tmm_pic_vorstand_3\" style=\"background: url(http:\/\/ssv-holzhausen.de\/new\/wp-content\/uploads\/2018\/02\/CP-1.jpg); margin-left: auto; margin-right:auto; background-size:cover !important;\"><\/div><div class=\"tmm_textblock\"><div class=\"tmm_names\"><span class=\"tmm_fname\">Christian<\/span> <span class=\"tmm_lname\">Protte<\/span><\/div><div class=\"tmm_job\">Sportwart Langwaffe<\/div><div class=\"tmm_desc\" style=\"text-align:\"><p>0173 \/ 51 66 292<br><a href=\"mailto:christian@ssv-holzhausen.de\">christian@ssv-holzhausen.de<\/a><\/p><\/div><div class=\"tmm_scblock\"><\/div><\/div><\/div><span class=\"tmm_two_containers_tablet\"><\/span><div class=\"tmm_member\" style=\"border-top:#ff3333 solid 5px;\"><div class=\"tmm_photo tmm_pic_vorstand_4\" style=\"background: url(http:\/\/ssv-holzhausen.de\/new\/wp-content\/uploads\/2018\/02\/MP-1.jpg); margin-left: auto; margin-right:auto; background-size:cover !important;\"><\/div><div class=\"tmm_textblock\"><div class=\"tmm_names\"><span class=\"tmm_fname\">Marco<\/span> <span class=\"tmm_lname\"> Pascariello<\/span><\/div><div class=\"tmm_job\">Sportwart Kurzwaffe<\/div><div class=\"tmm_desc\" style=\"text-align:\"><p>0173 \/ 70 46 805<br><a href=\"mailto:marco@ssv-holzhausen.de\">marco@ssv-holzhausen.de<\/a><\/p><\/div><div class=\"tmm_scblock\"><\/div><\/div><\/div><div style=\"clear:both;\"><\/div><\/div><\/div><\/div>\n<p>&nbsp;<\/p>\n<p>&nbsp;<\/p>\n<h5 style=\"text-align: center;\">Vertretungen \/ Sonstiges<\/h5>\n<div class=\"tmm tmm_vertretungen-sonstige\"><div class=\"tmm_3_columns tmm_wrap tmm_theme_f\"><span class=\"tmm_two_containers_tablet\"><\/span><div class=\"tmm_container\"><div class=\"tmm_member\" style=\"border-top:#ff3333 solid 5px;\"><div class=\"tmm_photo tmm_pic_vertretungen-sonstige_0\" style=\"background: url(http:\/\/ssv-holzhausen.de\/new\/wp-content\/uploads\/2018\/08\/CP_02.jpg); margin-left: auto; margin-right:auto; background-size:cover !important;\"><\/div><div class=\"tmm_textblock\"><div class=\"tmm_names\"><span class=\"tmm_fname\">Carina<\/span> <span class=\"tmm_lname\">Kohlmeier<\/span><\/div><div class=\"tmm_job\">Sportwart Langwaffe<\/div><div class=\"tmm_desc\" style=\"text-align:\"><p><a href=\"mailto:carina@ssv-holzhausen.de\">carina@ssv-holzhausen.de<\/a><\/p><\/div><div class=\"tmm_scblock\"><\/div><\/div><\/div><div class=\"tmm_member\" style=\"border-top:#ff3333 solid 5px;\"><div class=\"tmm_photo tmm_pic_vertretungen-sonstige_1\" style=\"background: url(http:\/\/ssv-holzhausen.de\/new\/wp-content\/uploads\/2018\/02\/HS.jpg); margin-left: auto; margin-right:auto; background-size:cover !important;\"><\/div><div class=\"tmm_textblock\"><div class=\"tmm_names\"><span class=\"tmm_fname\">Hermann<\/span> <span class=\"tmm_lname\">Strautmann<\/span><\/div><div class=\"tmm_job\">Sportwart Kurzwaffe<\/div><div class=\"tmm_desc\" style=\"text-align:\"><p><a href=\"mailto:hermann@ssv-holzhausen.de\">hermann@ssv-holzhausen.de<\/a><\/p><\/div><div class=\"tmm_scblock\"><\/div><\/div><\/div><span class=\"tmm_two_containers_tablet\"><\/span><div class=\"tmm_member\" style=\"border-top:#ff3333 solid 5px;\"><div class=\"tmm_photo tmm_pic_vertretungen-sonstige_2\" style=\"background: url(http:\/\/ssv-holzhausen.de\/new\/wp-content\/uploads\/2019\/10\/Martin_K.png); margin-left: auto; margin-right:auto; background-size:cover !important;\"><\/div><div class=\"tmm_textblock\"><div class=\"tmm_names\"><span class=\"tmm_fname\">Martin<\/span> <span class=\"tmm_lname\">Knehans<\/span><\/div><div class=\"tmm_job\">Schwarzpulverbeauftragter<\/div><div class=\"tmm_desc\" style=\"text-align:\"><p><a href=\"mailto:martin@ssv-holzhausen.de\">martin@ssv-holzhausen.de<\/a><\/p><p>&nbsp;<\/p><\/div><div class=\"tmm_scblock\"><\/div><\/div><\/div><div style=\"clear:both;\"><\/div><\/div><\/div><\/div>\n<p>&nbsp;<\/p>\n","protected":false},"excerpt":{"rendered":"<p>Der SSV Holzhausen &#8230;ist ein ordentlich im Vereinsregister (Sitz L\u00fcbbecke) eingetragener Verein. Intentionen\/Ziele etc. sind in der Satzung festgeschrieben. Dem Vereinsrecht folgend wird 1x j\u00e4hrlich (regelm\u00e4\u00dfig Anfang des Kalenderjahres) eine Vollversammlung durchgef\u00fchrt. Der gew\u00e4hlte Vorstand tagt 1x viertelj\u00e4hrlich und entscheidet hierbei \u00fcber Angelegenheiten der Mitgliedschaft, die Ausgestaltung der Aktivit\u00e4ten des Vereins und finanzielle Angelegenheiten bzw. [&hellip;]<\/p>\n","protected":false},"author":1,"featured_media":0,"parent":1394,"menu_order":0,"comment_status":"closed","ping_status":"closed","template":"","meta":{"spay_email":""},"jetpack_shortlink":"https:\/\/wp.me\/P9Hvti-mw","publishpress_future_action":{"enabled":false,"date":"1970-01-01 01:00:00","action":"","terms":[],"taxonomy":"","browser_timezone_offset":0},"_links":{"self":[{"href":"https:\/\/ssv-holzhausen.de\/new\/wp-json\/wp\/v2\/pages\/1396"}],"collection":[{"href":"https:\/\/ssv-holzhausen.de\/new\/wp-json\/wp\/v2\/pages"}],"about":[{"href":"https:\/\/ssv-holzhausen.de\/new\/wp-json\/wp\/v2\/types\/page"}],"author":[{"embeddable":true,"href":"https:\/\/ssv-holzhausen.de\/new\/wp-json\/wp\/v2\/users\/1"}],"replies":[{"embeddable":true,"href":"https:\/\/ssv-holzhausen.de\/new\/wp-json\/wp\/v2\/comments?post=1396"}],"version-history":[{"count":20,"href":"https:\/\/ssv-holzhausen.de\/new\/wp-json\/wp\/v2\/pages\/1396\/revisions"}],"predecessor-version":[{"id":2665,"href":"https:\/\/ssv-holzhausen.de\/new\/wp-json\/wp\/v2\/pages\/1396\/revisions\/2665"}],"up":[{"embeddable":true,"href":"https:\/\/ssv-holzhausen.de\/new\/wp-json\/wp\/v2\/pages\/1394"}],"wp:attachment":[{"href":"https:\/\/ssv-holzhausen.de\/new\/wp-json\/wp\/v2\/media?parent=1396"}],"curies":[{"name":"wp","href":"https:\/\/api.w.org\/{rel}","templated":true}]}}