{"id":1417,"date":"2018-02-12T14:20:24","date_gmt":"2018-02-12T13:20:24","guid":{"rendered":"http:\/\/ssv-holzhausen.de\/new\/?page_id=1417"},"modified":"2018-02-26T19:17:10","modified_gmt":"2018-02-26T18:17:10","slug":"dachverbaende","status":"publish","type":"page","link":"https:\/\/ssv-holzhausen.de\/new\/dachverbaende\/","title":{"rendered":"Dachverb\u00e4nde"},"content":{"rendered":"<p><img data-attachment-id=\"1483\" data-permalink=\"https:\/\/ssv-holzhausen.de\/new\/dachverbaende\/bloghg_news\/\" data-orig-file=\"https:\/\/i1.wp.com\/ssv-holzhausen.de\/new\/wp-content\/uploads\/2018\/02\/BlogHG_News.jpg?fit=1348%2C899&amp;ssl=1\" data-orig-size=\"1348,899\" data-comments-opened=\"1\" data-image-meta=\"{&quot;aperture&quot;:&quot;0&quot;,&quot;credit&quot;:&quot;&quot;,&quot;camera&quot;:&quot;&quot;,&quot;caption&quot;:&quot;&quot;,&quot;created_timestamp&quot;:&quot;0&quot;,&quot;copyright&quot;:&quot;&quot;,&quot;focal_length&quot;:&quot;0&quot;,&quot;iso&quot;:&quot;0&quot;,&quot;shutter_speed&quot;:&quot;0&quot;,&quot;title&quot;:&quot;&quot;,&quot;orientation&quot;:&quot;0&quot;}\" data-image-title=\"BlogHG_News\" data-image-description=\"\" data-image-caption=\"\" data-medium-file=\"https:\/\/i1.wp.com\/ssv-holzhausen.de\/new\/wp-content\/uploads\/2018\/02\/BlogHG_News.jpg?fit=300%2C200&amp;ssl=1\" data-large-file=\"https:\/\/i1.wp.com\/ssv-holzhausen.de\/new\/wp-content\/uploads\/2018\/02\/BlogHG_News.jpg?fit=1024%2C683&amp;ssl=1\" loading=\"lazy\" class=\"alignleft wp-image-1483 size-medium\" src=\"https:\/\/i2.wp.com\/ssv-holzhausen.de\/new\/wp-content\/uploads\/2018\/02\/BlogHG_News-300x200.jpg?resize=300%2C200\" alt=\"\" width=\"300\" height=\"200\" srcset=\"https:\/\/i1.wp.com\/ssv-holzhausen.de\/new\/wp-content\/uploads\/2018\/02\/BlogHG_News.jpg?resize=300%2C200&amp;ssl=1 300w, https:\/\/i1.wp.com\/ssv-holzhausen.de\/new\/wp-content\/uploads\/2018\/02\/BlogHG_News.jpg?resize=768%2C512&amp;ssl=1 768w, https:\/\/i1.wp.com\/ssv-holzhausen.de\/new\/wp-content\/uploads\/2018\/02\/BlogHG_News.jpg?resize=1024%2C683&amp;ssl=1 1024w, https:\/\/i1.wp.com\/ssv-holzhausen.de\/new\/wp-content\/uploads\/2018\/02\/BlogHG_News.jpg?w=1348&amp;ssl=1 1348w\" sizes=\"(max-width: 300px) 100vw, 300px\" data-recalc-dims=\"1\" \/><\/p>\n<p>In Deutschland gibt es mehrere\u00a0Dachverb\u00e4nde. Jeder Verband richtet die Wettk\u00e4mpfe nach seiner eigenen\u00a0Sportordnung\u00a0aus. Es gibt zwischen den einzelnen Dachverb\u00e4nden nur wenige \u00dcberschneidungen hinsichtlich der geschossenen Disziplinen. Jedem Dachverband k\u00f6nnen mehrere Landesverb\u00e4nde untergeordnet sein. Diese sind jeweils f\u00fcr einzelne Bundesl\u00e4nder oder Gebiete zust\u00e4ndig. Die Landesverb\u00e4nde f\u00fchren ihre Meisterschaften nach den Regeln des Dachverbandes durch.<\/p>\n<p>Ein Verband gilt in Deutschland als anerkannt, wenn dies vom\u00a0Bundesverwaltungsamt\u00a0festgestellt wird. Das Bundesverwaltungsamt muss die Sportordnung genehmigen und \u00fcberpr\u00fcfen, ob der Verband mindestens 10.000 Mitglieder hat. Die Sportordnung regelt genau die angebotenen Disziplinen mit den jeweiligen Wettkampfabl\u00e4ufen, den zugelassenen Waffen, Sicherheitsvorschriften und Bekleidungsordnungen. (Quelle: <a href=\"https:\/\/de.wikipedia.org\/wiki\/Organisationen_im_Sportschie%C3%9Fen\" target=\"_blank\" rel=\"noopener\">Wikipedia<\/a>)<\/p>\n<p>Wir sind dem DSB und der DSU angeschlossen. Alles Weitere hierzu auf den Unterseiten.<\/p>\n","protected":false},"excerpt":{"rendered":"<p>In Deutschland gibt es mehrere\u00a0Dachverb\u00e4nde. Jeder Verband richtet die Wettk\u00e4mpfe nach seiner eigenen\u00a0Sportordnung\u00a0aus. Es gibt zwischen den einzelnen Dachverb\u00e4nden nur wenige \u00dcberschneidungen hinsichtlich der geschossenen Disziplinen. Jedem Dachverband k\u00f6nnen mehrere Landesverb\u00e4nde untergeordnet sein. Diese sind jeweils f\u00fcr einzelne Bundesl\u00e4nder oder Gebiete zust\u00e4ndig. Die Landesverb\u00e4nde f\u00fchren ihre Meisterschaften nach den Regeln des Dachverbandes durch. Ein Verband [&hellip;]<\/p>\n","protected":false},"author":1,"featured_media":0,"parent":0,"menu_order":0,"comment_status":"closed","ping_status":"closed","template":"","meta":{"spay_email":""},"jetpack_shortlink":"https:\/\/wp.me\/P9Hvti-mR","publishpress_future_action":{"enabled":false,"date":"1970-01-01 01:00:00","action":"","terms":[],"taxonomy":"","browser_timezone_offset":0},"_links":{"self":[{"href":"https:\/\/ssv-holzhausen.de\/new\/wp-json\/wp\/v2\/pages\/1417"}],"collection":[{"href":"https:\/\/ssv-holzhausen.de\/new\/wp-json\/wp\/v2\/pages"}],"about":[{"href":"https:\/\/ssv-holzhausen.de\/new\/wp-json\/wp\/v2\/types\/page"}],"author":[{"embeddable":true,"href":"https:\/\/ssv-holzhausen.de\/new\/wp-json\/wp\/v2\/users\/1"}],"replies":[{"embeddable":true,"href":"https:\/\/ssv-holzhausen.de\/new\/wp-json\/wp\/v2\/comments?post=1417"}],"version-history":[{"count":4,"href":"https:\/\/ssv-holzhausen.de\/new\/wp-json\/wp\/v2\/pages\/1417\/revisions"}],"predecessor-version":[{"id":1816,"href":"https:\/\/ssv-holzhausen.de\/new\/wp-json\/wp\/v2\/pages\/1417\/revisions\/1816"}],"wp:attachment":[{"href":"https:\/\/ssv-holzhausen.de\/new\/wp-json\/wp\/v2\/media?parent=1417"}],"curies":[{"name":"wp","href":"https:\/\/api.w.org\/{rel}","templated":true}]}}