{"id":1419,"date":"2018-02-12T14:20:39","date_gmt":"2018-02-12T13:20:39","guid":{"rendered":"http:\/\/ssv-holzhausen.de\/new\/?page_id=1419"},"modified":"2024-11-14T09:40:31","modified_gmt":"2024-11-14T08:40:31","slug":"bds","status":"publish","type":"page","link":"https:\/\/ssv-holzhausen.de\/new\/dachverbaende\/bds\/","title":{"rendered":"BDS"},"content":{"rendered":"<p><img data-attachment-id=\"1681\" data-permalink=\"https:\/\/ssv-holzhausen.de\/new\/dachverbaende\/bds\/bds-2\/\" data-orig-file=\"https:\/\/i0.wp.com\/ssv-holzhausen.de\/new\/wp-content\/uploads\/2018\/02\/BDS.png?fit=197%2C206&amp;ssl=1\" data-orig-size=\"197,206\" data-comments-opened=\"1\" data-image-meta=\"{&quot;aperture&quot;:&quot;0&quot;,&quot;credit&quot;:&quot;&quot;,&quot;camera&quot;:&quot;&quot;,&quot;caption&quot;:&quot;&quot;,&quot;created_timestamp&quot;:&quot;0&quot;,&quot;copyright&quot;:&quot;&quot;,&quot;focal_length&quot;:&quot;0&quot;,&quot;iso&quot;:&quot;0&quot;,&quot;shutter_speed&quot;:&quot;0&quot;,&quot;title&quot;:&quot;&quot;,&quot;orientation&quot;:&quot;0&quot;}\" data-image-title=\"BDS\" data-image-description=\"\" data-image-caption=\"\" data-medium-file=\"https:\/\/i0.wp.com\/ssv-holzhausen.de\/new\/wp-content\/uploads\/2018\/02\/BDS.png?fit=197%2C206&amp;ssl=1\" data-large-file=\"https:\/\/i0.wp.com\/ssv-holzhausen.de\/new\/wp-content\/uploads\/2018\/02\/BDS.png?fit=197%2C206&amp;ssl=1\" loading=\"lazy\" class=\"size-full wp-image-1681 alignleft\" src=\"https:\/\/i0.wp.com\/ssv-holzhausen.de\/new\/wp-content\/uploads\/2018\/02\/BDS.png?resize=197%2C206\" alt=\"\" width=\"197\" height=\"206\" data-recalc-dims=\"1\" \/>Der Bund deutscher Sportsch\u00fctzen (BDS) ist der zweitgr\u00f6\u00dfte Sportsch\u00fctzenverband in der Bundesrepublik Deutschland. Vorwiegend wird das sportliche Gro\u00dfkaliberschie\u00dfen mit Kurz- und Langwaffen betrieben.<\/p>\n<p>Der BDS ist ein junger und dynamischer Verband. Dies dr\u00fcckt sich durch die vielen interessanten Schie\u00dfdisziplinen aus. Diese Disziplinen wurden durch die W\u00fcnsche und Anregungen der aktiven Sch\u00fctzen gestaltet. Der BDS wird sich auch k\u00fcnftig immer an den W\u00fcnschen der Sch\u00fctzeninnen und Sch\u00fctzen orientieren. Deshalb wird die Sportordnung immer wieder \u00fcberarbeitet und den Bed\u00fcrfnissen angepasst. Diese Eigenschaft des BDS ist ein Garant f\u00fcr Aktualit\u00e4t und Sch\u00fctzenn\u00e4he.<\/p>\n<p>Ein weiterer Aspekt f\u00fcr die Attraktivit\u00e4t des Verbandes sind die Zuwachszahlen bei den Mitgliedern. Der BDS verzeichnet einen Anstieg der Mitgliederzahlen von zehn Prozent pro Jahr, in der Sportart IPSC-Schie\u00dfen sogar bis zu 20 Prozent. (Quelle: <a href=\"https:\/\/www.bdsnet.de\/\" target=\"_blank\" rel=\"noopener\">Webseite des BDS<\/a>)<\/p>\n<p>&nbsp;<\/p>\n<p class=\"csc-header-alignment-center\"><span style=\"color: #0000a0;\"><span style=\"color: #000000;\"><strong>Der SSV Holzhausen erfolgreich im BDS-LV4 seit 1998<\/strong><\/span><br \/>\n<\/span><img data-attachment-id=\"1690\" data-permalink=\"https:\/\/ssv-holzhausen.de\/new\/dachverbaende\/bds\/bdslv4\/\" data-orig-file=\"https:\/\/i2.wp.com\/ssv-holzhausen.de\/new\/wp-content\/uploads\/2018\/02\/BDSLV4.png?fit=555%2C542&amp;ssl=1\" data-orig-size=\"555,542\" data-comments-opened=\"1\" data-image-meta=\"{&quot;aperture&quot;:&quot;0&quot;,&quot;credit&quot;:&quot;&quot;,&quot;camera&quot;:&quot;&quot;,&quot;caption&quot;:&quot;&quot;,&quot;created_timestamp&quot;:&quot;0&quot;,&quot;copyright&quot;:&quot;&quot;,&quot;focal_length&quot;:&quot;0&quot;,&quot;iso&quot;:&quot;0&quot;,&quot;shutter_speed&quot;:&quot;0&quot;,&quot;title&quot;:&quot;&quot;,&quot;orientation&quot;:&quot;0&quot;}\" data-image-title=\"BDSLV4\" data-image-description=\"\" data-image-caption=\"\" data-medium-file=\"https:\/\/i2.wp.com\/ssv-holzhausen.de\/new\/wp-content\/uploads\/2018\/02\/BDSLV4.png?fit=300%2C293&amp;ssl=1\" data-large-file=\"https:\/\/i2.wp.com\/ssv-holzhausen.de\/new\/wp-content\/uploads\/2018\/02\/BDSLV4.png?fit=555%2C542&amp;ssl=1\" loading=\"lazy\" class=\"wp-image-1690 alignleft\" src=\"https:\/\/i2.wp.com\/ssv-holzhausen.de\/new\/wp-content\/uploads\/2018\/02\/BDSLV4.png?resize=197%2C192\" alt=\"\" width=\"197\" height=\"192\" srcset=\"https:\/\/i2.wp.com\/ssv-holzhausen.de\/new\/wp-content\/uploads\/2018\/02\/BDSLV4.png?w=555&amp;ssl=1 555w, https:\/\/i2.wp.com\/ssv-holzhausen.de\/new\/wp-content\/uploads\/2018\/02\/BDSLV4.png?resize=300%2C293&amp;ssl=1 300w\" sizes=\"(max-width: 197px) 100vw, 197px\" data-recalc-dims=\"1\" \/><br \/>\nDer SSV-Holzhausen hat sich seit dem Eintritt in den BDS im Jahr 1998 mit mitlerweile ca. 400 Mitgliedern zu einem der gr\u00f6\u00dften Vereine im BDS-LV4 entwickelt. Ausgehend von den nationalen Titeln d\u00fcrfte er wohl der erfolgreichste in der Region sein.<\/p>\n","protected":false},"excerpt":{"rendered":"<p>Der Bund deutscher Sportsch\u00fctzen (BDS) ist der zweitgr\u00f6\u00dfte Sportsch\u00fctzenverband in der Bundesrepublik Deutschland. Vorwiegend wird das sportliche Gro\u00dfkaliberschie\u00dfen mit Kurz- und Langwaffen betrieben. Der BDS ist ein junger und dynamischer Verband. Dies dr\u00fcckt sich durch die vielen interessanten Schie\u00dfdisziplinen aus. Diese Disziplinen wurden durch die W\u00fcnsche und Anregungen der aktiven Sch\u00fctzen gestaltet. Der BDS wird [&hellip;]<\/p>\n","protected":false},"author":1,"featured_media":0,"parent":1417,"menu_order":0,"comment_status":"closed","ping_status":"closed","template":"","meta":{"spay_email":""},"jetpack_shortlink":"https:\/\/wp.me\/P9Hvti-mT","publishpress_future_action":{"enabled":false,"date":"1970-01-01 01:00:00","action":"","terms":[],"taxonomy":"","browser_timezone_offset":0},"_links":{"self":[{"href":"https:\/\/ssv-holzhausen.de\/new\/wp-json\/wp\/v2\/pages\/1419"}],"collection":[{"href":"https:\/\/ssv-holzhausen.de\/new\/wp-json\/wp\/v2\/pages"}],"about":[{"href":"https:\/\/ssv-holzhausen.de\/new\/wp-json\/wp\/v2\/types\/page"}],"author":[{"embeddable":true,"href":"https:\/\/ssv-holzhausen.de\/new\/wp-json\/wp\/v2\/users\/1"}],"replies":[{"embeddable":true,"href":"https:\/\/ssv-holzhausen.de\/new\/wp-json\/wp\/v2\/comments?post=1419"}],"version-history":[{"count":10,"href":"https:\/\/ssv-holzhausen.de\/new\/wp-json\/wp\/v2\/pages\/1419\/revisions"}],"predecessor-version":[{"id":3150,"href":"https:\/\/ssv-holzhausen.de\/new\/wp-json\/wp\/v2\/pages\/1419\/revisions\/3150"}],"up":[{"embeddable":true,"href":"https:\/\/ssv-holzhausen.de\/new\/wp-json\/wp\/v2\/pages\/1417"}],"wp:attachment":[{"href":"https:\/\/ssv-holzhausen.de\/new\/wp-json\/wp\/v2\/media?parent=1419"}],"curies":[{"name":"wp","href":"https:\/\/api.w.org\/{rel}","templated":true}]}}