{"id":1421,"date":"2018-02-12T14:20:54","date_gmt":"2018-02-12T13:20:54","guid":{"rendered":"http:\/\/ssv-holzhausen.de\/new\/?page_id=1421"},"modified":"2023-09-06T16:05:49","modified_gmt":"2023-09-06T14:05:49","slug":"dsu","status":"publish","type":"page","link":"https:\/\/ssv-holzhausen.de\/new\/dachverbaende\/dsu\/","title":{"rendered":"DSU"},"content":{"rendered":"<div id=\"c60\" class=\"csc-default\">\n<div class=\"csc-textpic csc-textpic-intext-left\">\n<div class=\"csc-textpic-text\">\n<p><img data-attachment-id=\"1685\" data-permalink=\"https:\/\/ssv-holzhausen.de\/new\/dachverbaende\/dsu\/dsu-2\/\" data-orig-file=\"https:\/\/i1.wp.com\/ssv-holzhausen.de\/new\/wp-content\/uploads\/2018\/02\/DSU.jpg?fit=206%2C245&amp;ssl=1\" data-orig-size=\"206,245\" data-comments-opened=\"1\" data-image-meta=\"{&quot;aperture&quot;:&quot;0&quot;,&quot;credit&quot;:&quot;&quot;,&quot;camera&quot;:&quot;&quot;,&quot;caption&quot;:&quot;&quot;,&quot;created_timestamp&quot;:&quot;0&quot;,&quot;copyright&quot;:&quot;&quot;,&quot;focal_length&quot;:&quot;0&quot;,&quot;iso&quot;:&quot;0&quot;,&quot;shutter_speed&quot;:&quot;0&quot;,&quot;title&quot;:&quot;&quot;,&quot;orientation&quot;:&quot;0&quot;}\" data-image-title=\"DSU\" data-image-description=\"\" data-image-caption=\"\" data-medium-file=\"https:\/\/i1.wp.com\/ssv-holzhausen.de\/new\/wp-content\/uploads\/2018\/02\/DSU.jpg?fit=206%2C245&amp;ssl=1\" data-large-file=\"https:\/\/i1.wp.com\/ssv-holzhausen.de\/new\/wp-content\/uploads\/2018\/02\/DSU.jpg?fit=206%2C245&amp;ssl=1\" loading=\"lazy\" class=\"wp-image-1685 alignleft\" src=\"https:\/\/i1.wp.com\/ssv-holzhausen.de\/new\/wp-content\/uploads\/2018\/02\/DSU.jpg?resize=170%2C202\" alt=\"\" width=\"170\" height=\"202\" data-recalc-dims=\"1\" \/><\/p>\n<p class=\"bodytext\">Die Deutsche Schie\u00dfsport Union e.V. wurde im Jahre 1984 durch Erich Monreal in Wei\u00dfenthurm gegr\u00fcndet. Seit dieser Zeit hat die DSU eine erhebliche Entwicklung sowohl in der Steigerung der Mitgliederzahlen als auch in der Fortf\u00fchrung des sportlichen Programms vollzogen. Derzeit (Stand 9\/2017) hat die DSU 16.320 Mitglieder, die in \u00fcber 400 Vereinen organisiert sind. Darin enthalten sind ca. 700 Einzelmitglieder. (Quelle: <a href=\"http:\/\/www.d-s-u.de\" target=\"_blank\" rel=\"noopener\">Webseite der DSU<\/a>)<\/p>\n<\/div>\n<\/div>\n<\/div>\n<div id=\"c61\" class=\"csc-default\">\n<div class=\"csc-textpic csc-textpic-intext-right\">\n<div class=\"csc-textpic-text\">\n<p><span style=\"color: #0000a0;\"><span style=\"color: #000000;\"><strong>Der SSV Holzhausen erfolgreich in der DSU seit 2009<br \/>\n<\/strong><\/span><\/span>In der DSU ist der SSV seit 2009 mit mitlerweile ca. 30 Mitgliedern vertreten. Hier wurden von Mitgliedern des SSV Holzhausen viele Deutsche-Meistertitel erreicht. Somit ist der SSV auch in der DSU als sehr erfolgreich zu bezeichnen. Im Jahr 2017 errang Claudia Meyer in der DSU 14 mal den Titel &#8222;Deutsche Meisterin&#8220;.<\/p>\n<\/div>\n<\/div>\n<\/div>\n","protected":false},"excerpt":{"rendered":"<p>Die Deutsche Schie\u00dfsport Union e.V. wurde im Jahre 1984 durch Erich Monreal in Wei\u00dfenthurm gegr\u00fcndet. Seit dieser Zeit hat die DSU eine erhebliche Entwicklung sowohl in der Steigerung der Mitgliederzahlen als auch in der Fortf\u00fchrung des sportlichen Programms vollzogen. Derzeit (Stand 9\/2017) hat die DSU 16.320 Mitglieder, die in \u00fcber 400 Vereinen organisiert sind. Darin [&hellip;]<\/p>\n","protected":false},"author":1,"featured_media":0,"parent":1417,"menu_order":0,"comment_status":"closed","ping_status":"closed","template":"","meta":{"spay_email":""},"jetpack_shortlink":"https:\/\/wp.me\/P9Hvti-mV","publishpress_future_action":{"enabled":false,"date":"1970-01-01 01:00:00","action":"","terms":[],"taxonomy":"","browser_timezone_offset":0},"_links":{"self":[{"href":"https:\/\/ssv-holzhausen.de\/new\/wp-json\/wp\/v2\/pages\/1421"}],"collection":[{"href":"https:\/\/ssv-holzhausen.de\/new\/wp-json\/wp\/v2\/pages"}],"about":[{"href":"https:\/\/ssv-holzhausen.de\/new\/wp-json\/wp\/v2\/types\/page"}],"author":[{"embeddable":true,"href":"https:\/\/ssv-holzhausen.de\/new\/wp-json\/wp\/v2\/users\/1"}],"replies":[{"embeddable":true,"href":"https:\/\/ssv-holzhausen.de\/new\/wp-json\/wp\/v2\/comments?post=1421"}],"version-history":[{"count":8,"href":"https:\/\/ssv-holzhausen.de\/new\/wp-json\/wp\/v2\/pages\/1421\/revisions"}],"predecessor-version":[{"id":3034,"href":"https:\/\/ssv-holzhausen.de\/new\/wp-json\/wp\/v2\/pages\/1421\/revisions\/3034"}],"up":[{"embeddable":true,"href":"https:\/\/ssv-holzhausen.de\/new\/wp-json\/wp\/v2\/pages\/1417"}],"wp:attachment":[{"href":"https:\/\/ssv-holzhausen.de\/new\/wp-json\/wp\/v2\/media?parent=1421"}],"curies":[{"name":"wp","href":"https:\/\/api.w.org\/{rel}","templated":true}]}}