{"id":1433,"date":"2018-02-12T14:23:41","date_gmt":"2018-02-12T13:23:41","guid":{"rendered":"http:\/\/ssv-holzhausen.de\/new\/?page_id=1433"},"modified":"2020-02-18T16:06:38","modified_gmt":"2020-02-18T15:06:38","slug":"die-wbk","status":"publish","type":"page","link":"https:\/\/ssv-holzhausen.de\/new\/waffenrecht\/die-wbk\/","title":{"rendered":"Die Waffenbesitzkarte (WBK)"},"content":{"rendered":"<p style=\"text-align: center;\">Von Stefan Holstein<br \/>\n<div class=\"tmm tmm_stefan\"><div class=\"tmm_3_columns tmm_wrap tmm_theme_f\"><span class=\"tmm_two_containers_tablet\"><\/span><div class=\"tmm_container\"><div class=\"tmm_member\" style=\"border-top:#ff3333 solid 5px;\"><div class=\"tmm_photo tmm_pic_stefan_0\" style=\"background: url(https:\/\/ssv-holzhausen.de\/new\/wp-content\/uploads\/2018\/02\/SH-1.jpg); margin-left: auto; margin-right:auto; background-size:cover !important;\"><\/div><div class=\"tmm_textblock\"><div class=\"tmm_names\"><span class=\"tmm_fname\">Stefan<\/span> <span class=\"tmm_lname\">Holstein<\/span><\/div><div class=\"tmm_job\">2. Vorsitzender<\/div><div class=\"tmm_desc\" style=\"text-align:\"><p>Berliner Str. 92<br>32361 Pr. Oldendorf<br>05742\/5019871<br>01726520847<br><a href=\"mailto:stefan@ssv-holzhausen.de\">stefan@ssv-holzhausen.de<\/a><\/p><\/div><div class=\"tmm_scblock\"><\/div><\/div><\/div><div style=\"clear:both;\"><\/div><\/div><\/div><\/div><\/p>\n<p>Als Ausweis seiner Berechtigung zum Erwerb und Besitz erlaubnispflichtiger Schu\u00dfwaffen dient jedem Waffenbesitzer die Waffenbesitzkarte\/n. Eingeb\u00fcrgert hat sich die Benennung nach der jeweiligen Farbe dieses Dokumentes (Ausnahme = Jagdschein\/Waffenschein).<\/p>\n<p><strong>Waffenbesitzkarte\/n zum Erwerb von Sportwaffen<\/strong><br \/>\nHier hat der Gesetzgeber klar definierte Reglementierungen geschaffen, die sich im Bundeswaffengesetz und den dazu erlassen Durchf\u00fchrungsverordnungen finden.<\/p>\n<p>Jeder Sportsch\u00fctze, der in einem Verein Sport treibt, in dem mit erlaubnispflichtigen Waffen geschossen wird, hat unter bestimmten Vorraussetzungen das Recht, sich Sportger\u00e4te zu beantragen.<\/p>\n<p>Eine wesentliche Voraussetzung ist, da\u00df der Verein in einem vom Bundesverwaltungsamt anerkannten Sportsch\u00fctzenverband Mitglied ist, dessen Sportordnung und die entsprechenden Disziplinen anerkannt sind.<br \/>\nNur so kann ein Bed\u00fcrfnis zum Erwerb einer bestimmten Waffe begr\u00fcndet werden &#8211; die Sportaus\u00fcbung.<br \/>\nIst dies erf\u00fcllt (nur zur Info, der SSV Holzhausen ist Mitglied in 3 anerkannten Dachverb\u00e4nden) mu\u00df Folgendes erbracht werden:<\/p>\n<ul>\n<li><strong>Der Sch\u00fctze mu\u00df mindestens 1 Jahr sowohl im Verein als auch dem Verband gemeldet sein.<\/strong><\/li>\n<li><strong>Er mu\u00df innerhalb von 12 Monaten mindestens 18 mal trainiert haben.<\/strong><\/li>\n<li><strong>Er mu\u00df eine Waffensachkundepr\u00fcfung abgelegt haben.<\/strong><\/li>\n<\/ul>\n<p>Ist dies alles erf\u00fcllt, kann er einen Antrag zum Erwerb der von ihm gew\u00fcnschten und ben\u00f6tigten Sportger\u00e4te stellen. Er f\u00fcllt einen Antrag aus, dieser wird zum Verband mit der Bitte um Bef\u00fcrwortung geschickt.<br \/>\nIn diesem Antrag mu\u00df angegeben werden, um welche Waffenart (also Pistole, Revolver, Repetierb\u00fcchse oder Selbstladeb\u00fcchse) es sich handelt und das Kaliber, welches die zu beantragende Waffe haben soll &#8211; ferner die Disziplin, in welcher das Sportger\u00e4t verwendet werden soll.<\/p>\n<p>Nach einer gewissen Bearbeitungszeit erh\u00e4lt der Sportsch\u00fctze dann vom Verband seine Bef\u00fcrwortung.<br \/>\nDiese Bef\u00fcrwortung, seinen Waffenantrag, den Nachweis der Sachkunde und den Nachweis, wie er die Waffen aufbewahren will, schickt er zu seiner zust\u00e4ndigen Beh\u00f6rde, die den Antrag dann pr\u00fcft. Wenn keine Hinderungsgr\u00fcnde vorliegen, stellt die Erlaubnisbeh\u00f6rde das Dokument aus.<\/p>\n<p>Hinderungsgr\u00fcnde k\u00f6nne sein: sogen. Beeintr\u00e4chtigungen der waffenrechtlichen Zuverl\u00e4ssigkeit wie Vorstrafen,(Verurteilungen von mehr als 60 Tagess\u00e4tzen)aber auch Verkehrsverst\u00f6\u00dfe unter Alkohol, einer Meinung der ich mich auch anschlie\u00dfe, denn wer alkoholisiert Auto f\u00e4hrt sollte auch keine Waffe bekommen.<\/p>\n<p>Aber dies alles w\u00fcrde hier zu weit f\u00fchren.<br \/>\nDer Sportsch\u00fctze, der diese Voraussetzungen alle erf\u00fcllt hat, erlangt dann ein Grundbed\u00fcrfnis zum Erwerb von 2 Kurzwaffen, 3 halbautomatischen Langwaffen und Repetierb\u00fcchsen\/Repetierflinten, sofern diese Waffen nicht vom sportlichen Schiessen ausgeschlossen sind.<br \/>\nVom sportlichen Schiessen ausgeschlossen sind beispielsweise Revolver mit einer Laufl\u00e4nge unter 3 Zoll und Selbstladeb\u00fcchsen die das Aussehen vollautomatischer Kriegswaffen haben und deren H\u00fclsenl\u00e4nge unter 40 mm liegt.<\/p>\n<p>Ferner d\u00fcrfen gem. dem sogenannten Erwerbserstreckungsgebot nur 2 Waffen innerhalb 6 Monaten erworben werden<\/p>\n<p><strong>Weiterhin wichtig ist, dass das Mindestalter zum Erwerb von gro\u00dfkalibrigen Waffen vom Gesetzgeber auf 25 Jahre festgelegt wurde.<\/strong><br \/>\nJ\u00fcngere Sch\u00fctzen d\u00fcrfen lediglich Kleinkaliber und Schrot schiessen und die entsprechenden Waffen auch erwerben.<br \/>\nErwerb\/Besitz gro\u00dfkalibriger Waffen ist fr\u00fchestes ab dem 21. Lebensjahr m\u00f6glich &#8211;<strong> vor dem 25. Lebensjahr aber nur unter Nachweis einer MPU<\/strong> (Medizinisch-Psychologische-Untersuchung) . Sind alle H\u00fcrden genommen, sind f\u00fcr den Sportsch\u00fctzen zwei Arten von WBK von Bedeutung:<\/p>\n<p><strong>Die Gr\u00fcne WBK<\/strong><br \/>\nHier werden die zu erwerbenden (standardm\u00e4\u00dfig zwei Kurzwaffen und zwei entsprechend erlaubnispflichtige Langwaffen) Waffen per \u201eVoreintrag\u201e bestimmt, das hei\u00dft der Antragsteller legt sich im Antrag auf Typ der Waffen (z.B. Selbstladepistole 9mm Luger + Revolver .357 Magnum + Selbstladeb\u00fcchse .223 Remington) fest. Nach Erlaubniserteilung hat der Antragsteller danach i.d.R. 1 Jahr, diese Sachen zu erwerben. Das bedeutet, da\u00df die entspechenden Waffen innerhalb dieses Zeitraums erworben werden m\u00fcssen, ansonsten erlischt die Erwerbserlaubnis.<br \/>\nDie gr\u00fcne WBK gilt f\u00fcr alle mehrsch\u00fcssige Kurzwaffen, halbautomatische Waffen und Repetierflinten.<br \/>\nDie Berechtigung f\u00fcr den Munitionserwerb\/Besitz wird idR im Dokument erteilt (darauf bei Antragstellung achten!).<\/p>\n<p><img data-attachment-id=\"1584\" data-permalink=\"https:\/\/ssv-holzhausen.de\/new\/hpfixseparat_wbk_gruen\/\" data-orig-file=\"https:\/\/i1.wp.com\/ssv-holzhausen.de\/new\/wp-content\/uploads\/2018\/02\/hpfixseparat_wbk_gruen.jpg?fit=200%2C284&amp;ssl=1\" data-orig-size=\"200,284\" data-comments-opened=\"1\" data-image-meta=\"{&quot;aperture&quot;:&quot;0&quot;,&quot;credit&quot;:&quot;&quot;,&quot;camera&quot;:&quot;&quot;,&quot;caption&quot;:&quot;&quot;,&quot;created_timestamp&quot;:&quot;0&quot;,&quot;copyright&quot;:&quot;&quot;,&quot;focal_length&quot;:&quot;0&quot;,&quot;iso&quot;:&quot;0&quot;,&quot;shutter_speed&quot;:&quot;0&quot;,&quot;title&quot;:&quot;&quot;,&quot;orientation&quot;:&quot;0&quot;}\" data-image-title=\"hpfixseparat_wbk_gruen\" data-image-description=\"\" data-image-caption=\"\" data-medium-file=\"https:\/\/i1.wp.com\/ssv-holzhausen.de\/new\/wp-content\/uploads\/2018\/02\/hpfixseparat_wbk_gruen.jpg?fit=200%2C284&amp;ssl=1\" data-large-file=\"https:\/\/i1.wp.com\/ssv-holzhausen.de\/new\/wp-content\/uploads\/2018\/02\/hpfixseparat_wbk_gruen.jpg?fit=200%2C284&amp;ssl=1\" loading=\"lazy\" class=\"alignnone size-full wp-image-1584\" src=\"https:\/\/i1.wp.com\/ssv-holzhausen.de\/new\/wp-content\/uploads\/2018\/02\/hpfixseparat_wbk_gruen.jpg?resize=200%2C284\" alt=\"\" width=\"200\" height=\"284\" data-recalc-dims=\"1\" \/><\/p>\n<p><strong>Die Gelbe WBK<\/strong><br \/>\nDiese WBK wird auch Sportsch\u00fctzen-WBK genannt, da diese ohne weitere Bed\u00fcrfnispr\u00fcfung den Sch\u00fctzen in die Lage versetzt, Repetierlangwaffen mit gezogenen L\u00e4ufen, einsch\u00fcssige Kurzwaffen oder mehrsch\u00fcssige Percussionsrevolver zu erwerben.<br \/>\nAuch hier gilt: Die Berechtigung f\u00fcr den Munitionserwerb\/Besitz wird idR im Dokument erteilt (darauf bei Antragstellung achten!).<\/p>\n<p><img data-attachment-id=\"1586\" data-permalink=\"https:\/\/ssv-holzhausen.de\/new\/waffenrecht\/die-wbk\/hpfixseparat_wbk_gelb\/\" data-orig-file=\"https:\/\/i0.wp.com\/ssv-holzhausen.de\/new\/wp-content\/uploads\/2018\/02\/hpfixseparat_wbk_gelb.jpg?fit=200%2C282&amp;ssl=1\" data-orig-size=\"200,282\" data-comments-opened=\"1\" data-image-meta=\"{&quot;aperture&quot;:&quot;0&quot;,&quot;credit&quot;:&quot;&quot;,&quot;camera&quot;:&quot;&quot;,&quot;caption&quot;:&quot;&quot;,&quot;created_timestamp&quot;:&quot;0&quot;,&quot;copyright&quot;:&quot;&quot;,&quot;focal_length&quot;:&quot;0&quot;,&quot;iso&quot;:&quot;0&quot;,&quot;shutter_speed&quot;:&quot;0&quot;,&quot;title&quot;:&quot;&quot;,&quot;orientation&quot;:&quot;0&quot;}\" data-image-title=\"hpfixseparat_wbk_gelb\" data-image-description=\"\" data-image-caption=\"\" data-medium-file=\"https:\/\/i0.wp.com\/ssv-holzhausen.de\/new\/wp-content\/uploads\/2018\/02\/hpfixseparat_wbk_gelb.jpg?fit=200%2C282&amp;ssl=1\" data-large-file=\"https:\/\/i0.wp.com\/ssv-holzhausen.de\/new\/wp-content\/uploads\/2018\/02\/hpfixseparat_wbk_gelb.jpg?fit=200%2C282&amp;ssl=1\" loading=\"lazy\" class=\"alignnone size-full wp-image-1586\" src=\"https:\/\/i0.wp.com\/ssv-holzhausen.de\/new\/wp-content\/uploads\/2018\/02\/hpfixseparat_wbk_gelb.jpg?resize=200%2C282\" alt=\"\" width=\"200\" height=\"282\" data-recalc-dims=\"1\" \/><\/p>\n<p>&nbsp;<\/p>\n<p>Eine weitere Berechtigung zum Erwerb, Besitz und zudem eingeschr\u00e4nkten &#8222;F\u00fchren&#8220; von Schu\u00dfwaffen erwirbt der Inhaber eines:<\/p>\n<p><strong>Jagdschein<\/strong><br \/>\nEin g\u00fcltiger Jagdschein gibt dem Inhaber ein Bed\u00fcrfnis zum Erwerb von 2 Kurzwaffen f\u00fcr den Fangschu\u00df und aller Langwaffen, die gem. dem Bundesjagdgesetz f\u00fcr die Jagd zugelassen sind.<\/p>\n<p>Einen Jagdschein kann man bei den zust\u00e4ndigen <em>Kreisj\u00e4gerschaften<\/em> seines Wohnortes machen, die Ausbildung ber\u00fchrt alle Facetten der Jagd, des Jagdrechts und nicht zuletzt dem Umgang mit der Schusswaffe.<\/p>\n<p>Ein <em>Vorbereitungskurs<\/em> dauert im Regelfall 6 \u2013 7 Monate und endet mit einer Schriftlichen, Praktischen und einer Schie\u00dfpr\u00fcfung.<\/p>\n<p>Alle <em>3 Pr\u00fcfungsabschnitte<\/em> m\u00fcssen bestanden werden und es hei\u00dft nicht umsonst im Volksmund \u201e das Gr\u00fcne Abitur\u201c.<\/p>\n<p>Weiterhin gibt es auch <em>kommerzielle J\u00e4gerschulen<\/em>, in denen dieser Stoff in 2 bis 3 Wochen abgehandelt wird und die ebenfalls mit einer staatlich anerkannten Pr\u00fcfung abschlie\u00dfen.<\/p>\n<p><img data-attachment-id=\"1587\" data-permalink=\"https:\/\/ssv-holzhausen.de\/new\/waffenrecht\/die-wbk\/hpfixseparat_jagdschein\/\" data-orig-file=\"https:\/\/i0.wp.com\/ssv-holzhausen.de\/new\/wp-content\/uploads\/2018\/02\/hpfixseparat_jagdschein.jpg?fit=200%2C288&amp;ssl=1\" data-orig-size=\"200,288\" data-comments-opened=\"1\" data-image-meta=\"{&quot;aperture&quot;:&quot;0&quot;,&quot;credit&quot;:&quot;&quot;,&quot;camera&quot;:&quot;&quot;,&quot;caption&quot;:&quot;&quot;,&quot;created_timestamp&quot;:&quot;0&quot;,&quot;copyright&quot;:&quot;&quot;,&quot;focal_length&quot;:&quot;0&quot;,&quot;iso&quot;:&quot;0&quot;,&quot;shutter_speed&quot;:&quot;0&quot;,&quot;title&quot;:&quot;&quot;,&quot;orientation&quot;:&quot;0&quot;}\" data-image-title=\"hpfixseparat_jagdschein\" data-image-description=\"\" data-image-caption=\"\" data-medium-file=\"https:\/\/i0.wp.com\/ssv-holzhausen.de\/new\/wp-content\/uploads\/2018\/02\/hpfixseparat_jagdschein.jpg?fit=200%2C288&amp;ssl=1\" data-large-file=\"https:\/\/i0.wp.com\/ssv-holzhausen.de\/new\/wp-content\/uploads\/2018\/02\/hpfixseparat_jagdschein.jpg?fit=200%2C288&amp;ssl=1\" loading=\"lazy\" class=\"alignnone size-full wp-image-1587\" src=\"https:\/\/i0.wp.com\/ssv-holzhausen.de\/new\/wp-content\/uploads\/2018\/02\/hpfixseparat_jagdschein.jpg?resize=200%2C288\" alt=\"\" width=\"200\" height=\"288\" data-recalc-dims=\"1\" \/><\/p>\n<p>Wesentlich gr\u00f6\u00dfere H\u00fcrden und Einschr\u00e4nkungen (z.B. Munitionserwerb) gelten f\u00fcr Waffensammler:<\/p>\n<p><strong>Sammler-WBK (rote WBK)<\/strong><br \/>\n\u00dcber die sogenannte Sammler- oder auch rote WBK ranken sich viel Mythen wie \u2013 geht nicht, kann keiner bekommen, ist unerreichbar&#8230;<\/p>\n<p>Die Realit\u00e4t sieht so aus:<br \/>\nMan entscheidet sich f\u00fcr<em> ein bestimmtes Sammelthema<\/em>, welches gem. der Definition des Bundesverwaltungsgerichtes kulturhistorisch bedeutsam sein mu\u00df.<\/p>\n<p>Das Thema mu\u00df begrenzt sein wie beispielsweise Ordonnanzwaffen der deutschen Wehrmacht bis 1945.<br \/>\nDiese<em> kulturhistorische Bedeutsamkeit<\/em> mu\u00df der zust\u00e4ndigen Beh\u00f6rde meist durch ein Gutachten nachgewiesen werden unter Angabe einer Sammelliste, das hei\u00dft es wird ganz genau angegeben welche Waffen der Sammler erwerben darf.<br \/>\nModerne Waffen ab 1945 k\u00f6nnen zun\u00e4chst im Regelfall nicht erworben werden, da auf diese der Begriff kulturhistorisch bedeutsam noch nicht anzuwenden ist.<\/p>\n<p>Desweiteren werden bei Sammlern noch <em>gr\u00f6\u00dferer Anforderungen an die Aufbewahrung<\/em> der Waffen gelegt, in den meisten F\u00e4llen kommt der Antragsteller nicht um den Nachweis eines von der Kriminalpolizeilichen Beratungstelle nach aktuellen Normen abgenommen Waffenraumes herum.<\/p>\n<p>Desweiteren <em>darf nach Erteilung die Sammelt\u00e4tigkeit nicht eingestellt werden<\/em>, das hei\u00dft der Sammler mu\u00df immer versuchen sein Ziel, den Abschlu\u00df der Sammlung, zu erreichen.<\/p>\n<p>Eine Erwerbsberechtigung f\u00fcr Munition wird idR. NICHT erteilt.<\/p>\n<p><img data-attachment-id=\"1588\" data-permalink=\"https:\/\/ssv-holzhausen.de\/new\/waffenrecht\/die-wbk\/hpfixseparat_wbk_rot\/\" data-orig-file=\"https:\/\/i0.wp.com\/ssv-holzhausen.de\/new\/wp-content\/uploads\/2018\/02\/hpfixseparat_wbk_rot.jpg?fit=200%2C288&amp;ssl=1\" data-orig-size=\"200,288\" data-comments-opened=\"1\" data-image-meta=\"{&quot;aperture&quot;:&quot;0&quot;,&quot;credit&quot;:&quot;&quot;,&quot;camera&quot;:&quot;&quot;,&quot;caption&quot;:&quot;&quot;,&quot;created_timestamp&quot;:&quot;0&quot;,&quot;copyright&quot;:&quot;&quot;,&quot;focal_length&quot;:&quot;0&quot;,&quot;iso&quot;:&quot;0&quot;,&quot;shutter_speed&quot;:&quot;0&quot;,&quot;title&quot;:&quot;&quot;,&quot;orientation&quot;:&quot;0&quot;}\" data-image-title=\"hpfixseparat_wbk_rot\" data-image-description=\"\" data-image-caption=\"\" data-medium-file=\"https:\/\/i0.wp.com\/ssv-holzhausen.de\/new\/wp-content\/uploads\/2018\/02\/hpfixseparat_wbk_rot.jpg?fit=200%2C288&amp;ssl=1\" data-large-file=\"https:\/\/i0.wp.com\/ssv-holzhausen.de\/new\/wp-content\/uploads\/2018\/02\/hpfixseparat_wbk_rot.jpg?fit=200%2C288&amp;ssl=1\" loading=\"lazy\" class=\"alignnone size-full wp-image-1588\" src=\"https:\/\/i0.wp.com\/ssv-holzhausen.de\/new\/wp-content\/uploads\/2018\/02\/hpfixseparat_wbk_rot.jpg?resize=200%2C288\" alt=\"\" width=\"200\" height=\"288\" data-recalc-dims=\"1\" \/><\/p>\n<p><strong>Ich bitte zu Beachten !!!<\/strong><br \/>\nEine WBK (Gr\u00fcn\/Gelb) berechtigt den Sch\u00fctzen, die entsprechende Waffe zu erwerben, zu Hause in entsprechenden Beh\u00e4ltnissen zu lagern, zum Training oder zu Wettk\u00e4mpfen zu transportieren und dort dem Schie\u00dfsport nachzugehen.<\/p>\n<p><strong>Eine WBK ist kein <a href=\"https:\/\/de.wikipedia.org\/wiki\/Waffenschein\">Waffenschein<\/a>, der zum F\u00fchren berechtigt.<\/strong><\/p>\n<p>Ich hoffe, mit dieser kurzen Abhandlung ein paar Informationen kumuliert zu haben.<br \/>\nWenn nicht, fragt einfach.<br \/>\nFrage an <a href=\"mailto:stefan@ssv-holzhausen.de\">stefan@ssv-holzhausen.de<\/a><\/p>\n<p>Weitere Infos mit Querverweisen und Links bietet Wikipedia:<br \/>\n<a href=\"https:\/\/de.wikipedia.org\/wiki\/Waffenbesitzkarte_(Deutschland)\">WBK auf Wikipedia<\/a><\/p>\n<p>Ihr seht mich im Training<br \/>\nStefan Holstein<\/p>\n","protected":false},"excerpt":{"rendered":"<p>Von Stefan Holstein Als Ausweis seiner Berechtigung zum Erwerb und Besitz erlaubnispflichtiger Schu\u00dfwaffen dient jedem Waffenbesitzer die Waffenbesitzkarte\/n. Eingeb\u00fcrgert hat sich die Benennung nach der jeweiligen Farbe dieses Dokumentes (Ausnahme = Jagdschein\/Waffenschein). Waffenbesitzkarte\/n zum Erwerb von Sportwaffen Hier hat der Gesetzgeber klar definierte Reglementierungen geschaffen, die sich im Bundeswaffengesetz und den dazu erlassen Durchf\u00fchrungsverordnungen finden. [&hellip;]<\/p>\n","protected":false},"author":1,"featured_media":0,"parent":1431,"menu_order":0,"comment_status":"closed","ping_status":"closed","template":"","meta":{"spay_email":""},"jetpack_shortlink":"https:\/\/wp.me\/P9Hvti-n7","publishpress_future_action":{"enabled":false,"date":"1970-01-01 01:00:00","action":"","terms":[],"taxonomy":"","browser_timezone_offset":0},"_links":{"self":[{"href":"https:\/\/ssv-holzhausen.de\/new\/wp-json\/wp\/v2\/pages\/1433"}],"collection":[{"href":"https:\/\/ssv-holzhausen.de\/new\/wp-json\/wp\/v2\/pages"}],"about":[{"href":"https:\/\/ssv-holzhausen.de\/new\/wp-json\/wp\/v2\/types\/page"}],"author":[{"embeddable":true,"href":"https:\/\/ssv-holzhausen.de\/new\/wp-json\/wp\/v2\/users\/1"}],"replies":[{"embeddable":true,"href":"https:\/\/ssv-holzhausen.de\/new\/wp-json\/wp\/v2\/comments?post=1433"}],"version-history":[{"count":8,"href":"https:\/\/ssv-holzhausen.de\/new\/wp-json\/wp\/v2\/pages\/1433\/revisions"}],"predecessor-version":[{"id":2401,"href":"https:\/\/ssv-holzhausen.de\/new\/wp-json\/wp\/v2\/pages\/1433\/revisions\/2401"}],"up":[{"embeddable":true,"href":"https:\/\/ssv-holzhausen.de\/new\/wp-json\/wp\/v2\/pages\/1431"}],"wp:attachment":[{"href":"https:\/\/ssv-holzhausen.de\/new\/wp-json\/wp\/v2\/media?parent=1433"}],"curies":[{"name":"wp","href":"https:\/\/api.w.org\/{rel}","templated":true}]}}