{"id":2934,"date":"2023-02-13T19:20:26","date_gmt":"2023-02-13T18:20:26","guid":{"rendered":"https:\/\/ssv-holzhausen.de\/new\/?page_id=2934"},"modified":"2023-02-13T19:20:26","modified_gmt":"2023-02-13T18:20:26","slug":"ausleihe-vereinswaffen","status":"publish","type":"page","link":"https:\/\/ssv-holzhausen.de\/new\/training\/ausleihe-vereinswaffen\/","title":{"rendered":"Ausleihe Vereinswaffen"},"content":{"rendered":"<p style=\"font-weight: 400;\"><strong>Ausleihe Vereinswaffen<\/strong><\/p>\n<p style=\"font-weight: 400;\"><strong>\u00a0<\/strong><\/p>\n<p style=\"font-weight: 400;\">Grunds\u00e4tzlich ist es jedem Mitglied des SSV Holzhausen m\u00f6glich,f\u00fcr ein privates Training oder Meisterschaften die entsprechenden Vereinswaffen zu nutzen und sich ggf. auszuleihen.<\/p>\n<p style=\"font-weight: 400;\">\n<p style=\"font-weight: 400;\">Dies ist allerdings, auch waffenrechtlich an folgende Richtlinien gebunden.<\/p>\n<p style=\"font-weight: 400;\">\n<ol style=\"font-weight: 400;\">\n<li>Bitte 4 Tage vor dem \u00a0Ausleihtermin\u00a0 dem zust\u00e4ndigen Vorstandsmitglied ( f\u00fcr Langwaffen Christian, f\u00fcr Kurzwaffen Claudia oder Stefan ) die Daten euerer WBK zukommen lassen.<\/li>\n<li>Um einen Leihschein auszustellen m\u00fcssen diese Daten eurer waffenrechtlichen Erlaubnis ( gr\u00fcne WBK ) vorliegen.<\/li>\n<li>Sind diese Daten angekommen wird ein Leihschein erstellt welcher das Ausleihdatum und auch das R\u00fcckgabedatum enth\u00e4lt.<\/li>\n<li>Dann kann die Waffe entweder bei dem Vorstandsmitglied abgeholt werden oder bei einem passenden Training mitgenommen werden.<\/li>\n<li>Nach Ablauf der Leihzeit ist die Waffe dem Ausleiher zur\u00fcckzugeben.<\/li>\n<li>Vereinswaffen,welche mit einer Optik versehen sind ,sind eingeschossen und die Optik darf nicht verstellt werden. Wird dies trotzdem getan mu\u00df die Munition, die zum erneuten Einschiessen ben\u00f6tigt wird, bezahlt werden.<\/li>\n<li>Das Schiessen mit <strong>wiedergeladener Munition<\/strong> ist auch aus Haftungsgr\u00fcnden <strong>grunds\u00e4tzlich untersagt. <\/strong>Wird hiergegen verstossen gehen alle Garantieanspr\u00fcche f\u00fcr die jeweilige Waffe dem Hersteller gegen\u00fcber verloren und dies stellt somit ein vereinssch\u00e4digendes Verhalten dar, was im h\u00e4rtesten Fall zu einem Vereinsauschluss f\u00fchren kann.<\/li>\n<\/ol>\n<p style=\"font-weight: 400;\">\n","protected":false},"excerpt":{"rendered":"<p>Ausleihe Vereinswaffen \u00a0 Grunds\u00e4tzlich ist es jedem Mitglied des SSV Holzhausen m\u00f6glich,f\u00fcr ein privates Training oder Meisterschaften die entsprechenden Vereinswaffen zu nutzen und sich ggf. auszuleihen. Dies ist allerdings, auch waffenrechtlich an folgende Richtlinien gebunden. Bitte 4 Tage vor dem \u00a0Ausleihtermin\u00a0 dem zust\u00e4ndigen Vorstandsmitglied ( f\u00fcr Langwaffen Christian, f\u00fcr Kurzwaffen Claudia oder Stefan ) die [&hellip;]<\/p>\n","protected":false},"author":1,"featured_media":0,"parent":1373,"menu_order":0,"comment_status":"closed","ping_status":"closed","template":"","meta":{"spay_email":""},"jetpack_shortlink":"https:\/\/wp.me\/P9Hvti-Lk","publishpress_future_action":{"enabled":false,"date":"1970-01-01 01:00:00","action":"","terms":[],"taxonomy":"","browser_timezone_offset":0},"_links":{"self":[{"href":"https:\/\/ssv-holzhausen.de\/new\/wp-json\/wp\/v2\/pages\/2934"}],"collection":[{"href":"https:\/\/ssv-holzhausen.de\/new\/wp-json\/wp\/v2\/pages"}],"about":[{"href":"https:\/\/ssv-holzhausen.de\/new\/wp-json\/wp\/v2\/types\/page"}],"author":[{"embeddable":true,"href":"https:\/\/ssv-holzhausen.de\/new\/wp-json\/wp\/v2\/users\/1"}],"replies":[{"embeddable":true,"href":"https:\/\/ssv-holzhausen.de\/new\/wp-json\/wp\/v2\/comments?post=2934"}],"version-history":[{"count":2,"href":"https:\/\/ssv-holzhausen.de\/new\/wp-json\/wp\/v2\/pages\/2934\/revisions"}],"predecessor-version":[{"id":2936,"href":"https:\/\/ssv-holzhausen.de\/new\/wp-json\/wp\/v2\/pages\/2934\/revisions\/2936"}],"up":[{"embeddable":true,"href":"https:\/\/ssv-holzhausen.de\/new\/wp-json\/wp\/v2\/pages\/1373"}],"wp:attachment":[{"href":"https:\/\/ssv-holzhausen.de\/new\/wp-json\/wp\/v2\/media?parent=2934"}],"curies":[{"name":"wp","href":"https:\/\/api.w.org\/{rel}","templated":true}]}}